{"id":110,"date":"2013-11-07T21:06:42","date_gmt":"2013-11-07T20:06:42","guid":{"rendered":"http:\/\/sublimatio.com\/fineart\/?page_id=110"},"modified":"2016-01-29T18:04:22","modified_gmt":"2016-01-29T17:04:22","slug":"tirages-fine-art","status":"publish","type":"page","link":"https:\/\/sublimatio.com\/fineart\/tirages-fine-art\/","title":{"rendered":"Tirages Fine Art"},"content":{"rendered":"<h3 style=\"font-size: 18px; text-align: center;\"><strong>TIRAGES FINE ART<\/strong><\/h3>\n<p style=\"font-size: 18px; text-align: center;\"><strong>Collections disponibles\u00a0:<\/strong><br \/>\n<a href=\"http:\/\/levegetalsublime.com\/\"><span style=\"font-size: 15px; color: #0000ff;\"><em>Le V\u00e9g\u00e9tal Sublim\u00e9, Hommage au Jardin Botanique de Lyon<\/em><\/span><\/a><br \/>\n<a href=\"http:\/\/levegetalsublime.com\/laroseetlevent\/\"><span style=\"font-size: 15px; color: #0000ff;\"> <em>La Rose et le Vent (cr\u00e9ations en cours)<\/em><\/span><\/a><\/p>\n<p style=\"font-size: 18px; text-align: center;\"><span style=\"line-height: 1.5;\">[ezcol_1third id=&#8221;&#8221; class=&#8221;&#8221; style=&#8221;&#8221;]<\/span><strong>Tirages certifi\u00e9s, \u00e9dition limit\u00e9e :\u00a0<\/strong><\/p>\n<p style=\"text-align: left; font-size: 14px;\">Toutes les images de Sublimatio Fine Art sont tir\u00e9es \u00e0 la demande, \u00e0 un maximum de sept exemplaires, dat\u00e9s, num\u00e9rot\u00e9s et sign\u00e9s par l\u2019artiste.<br \/>\nUn certificat d\u2019authenticit\u00e9\u00a0identifie chaque tirage gr\u00e2ce \u00e0 un hologramme ind\u00e9collable portant un num\u00e9ro unique r\u00e9f\u00e9renc\u00e9.<br \/>\nTrois exemplaires, dits &#8220;Epreuves d\u2019Artistes&#8221;, peuvent \u00eatre tir\u00e9s \u00e0 part pour constituer les expositions et la r\u00e9f\u00e9rence pour les tirages.<br \/>\n[\/ezcol_1third] [ezcol_1third id=&#8221;&#8221; class=&#8221;&#8221; style=&#8221;&#8221;]<span style=\"color: #ffffff;\">.<\/span><span style=\"color: #ffffff;\">\u00a0<\/span><\/p>\n<p style=\"text-align: center;\"><img loading=\"lazy\" decoding=\"async\" class=\"aligncenter size-medium wp-image-193\" src=\"http:\/\/sublimatio.com\/fineart\/wp-content\/uploads\/2013\/11\/Cimaises-mur-blanc-7359-300x286.jpg\" alt=\"Cimaises mur blanc-7359\" width=\"300\" height=\"286\" srcset=\"https:\/\/sublimatio.com\/fineart\/wp-content\/uploads\/2013\/11\/Cimaises-mur-blanc-7359-300x286.jpg 300w, https:\/\/sublimatio.com\/fineart\/wp-content\/uploads\/2013\/11\/Cimaises-mur-blanc-7359.jpg 900w\" sizes=\"auto, (max-width: 300px) 100vw, 300px\" \/><\/p>\n<p><span style=\"line-height: 1.5;\">[\/ezcol_1third] [ezcol_1third_end id=&#8221;&#8221; class=&#8221;&#8221; style=&#8221;&#8221;]<\/span><strong>Support :<\/strong><\/p>\n<p style=\"text-align: left; font-size: 14px;\">Les tirages Fine Art sont r\u00e9alis\u00e9s sur des papiers art-graphique, papier coton sans acide, avec des encres pigmentaires selon le proc\u00e9d\u00e9 de la Digigraphie\u00ae.<br \/>\nCette technologie permet de garantir l\u2019\u00e9motion picturale d\u2019une \u00e9preuve \u00e0 l\u2019autre, ainsi qu&#8217;une p\u00e9rennit\u00e9 d&#8217;un si\u00e8cle dans des conditions d\u2019exposition normalis\u00e9es.<br \/>\nSur demande, d&#8217;autres supports \u00e9ligibles \u00e0 l\u2019art graphique\u00a0; comme le Diasec\u00ae ou l&#8217;aluminium -selon certains proc\u00e9d\u00e9s-, peuvent \u00eatre utilis\u00e9s.<br \/>\n[\/ezcol_1third_end]<br \/>\n<strong>Format :<\/strong><\/p>\n<p style=\"text-align: left; font-size: 14px;\">Le grand format,<em><strong>\u00a0(Master 150 ou 100)<\/strong><\/em>, fait partie du concept ; il est le meilleur moyen de vous faire partager l\u2019\u00e9motion ressentie \u00e0 la prise de vue.\u00a0Cependant les images sont disponibles\u00a0en plusieurs\u00a0formats \u00e0 votre\u00a0convenance,<strong>\u00a0<\/strong>de l\u00e9g\u00e8res adaptations restant possibles.<\/p>\n<p style=\"text-align: center;\">[ezcol_1third]<br \/>\n<strong>Master\u00a0 \u00a0 \u00a0 \u00a0<\/strong>+-150x100cm ou 100x100cm,<br \/>\n<img loading=\"lazy\" decoding=\"async\" class=\"aligncenter size-medium wp-image-165\" src=\"http:\/\/sublimatio.com\/fineart\/wp-content\/uploads\/2013\/11\/Cadre-2A0-100x150-Carr\u00e9-SouvenirsAlpin-7364-300x201.jpg\" alt=\"Cadre 2A0-100x150- Carre\u0301-Souvenirs Alpin\" width=\"300\" height=\"201\" srcset=\"https:\/\/sublimatio.com\/fineart\/wp-content\/uploads\/2013\/11\/Cadre-2A0-100x150-Carr\u00e9-SouvenirsAlpin-7364-300x201.jpg 300w, https:\/\/sublimatio.com\/fineart\/wp-content\/uploads\/2013\/11\/Cadre-2A0-100x150-Carr\u00e9-SouvenirsAlpin-7364.jpg 900w\" sizes=\"auto, (max-width: 300px) 100vw, 300px\" \/><br \/>\n<img loading=\"lazy\" decoding=\"async\" class=\"aligncenter wp-image-164\" src=\"http:\/\/sublimatio.com\/fineart\/wp-content\/uploads\/2013\/11\/Cadre-2A0-100x100-Carr\u00e9-Gigant\u00e9a-7366-300x300.jpg\" alt=\"Cadre 2A0-100x100- Carre\u0301-Gigante\u0301a\" width=\"180\" height=\"180\" srcset=\"https:\/\/sublimatio.com\/fineart\/wp-content\/uploads\/2013\/11\/Cadre-2A0-100x100-Carr\u00e9-Gigant\u00e9a-7366-300x300.jpg 300w, https:\/\/sublimatio.com\/fineart\/wp-content\/uploads\/2013\/11\/Cadre-2A0-100x100-Carr\u00e9-Gigant\u00e9a-7366-150x150.jpg 150w, https:\/\/sublimatio.com\/fineart\/wp-content\/uploads\/2013\/11\/Cadre-2A0-100x100-Carr\u00e9-Gigant\u00e9a-7366-90x90.jpg 90w, https:\/\/sublimatio.com\/fineart\/wp-content\/uploads\/2013\/11\/Cadre-2A0-100x100-Carr\u00e9-Gigant\u00e9a-7366.jpg 900w\" sizes=\"auto, (max-width: 180px) 100vw, 180px\" \/>[\/ezcol_1third] [ezcol_1third]<br \/>\n<strong>Premium\u00a0<\/strong>\u00a0 \u00a0 \u00a0 \u00a0 \u00a0 \u00a080x100cm ou 80x80cm,<br \/>\n<img loading=\"lazy\" decoding=\"async\" class=\"aligncenter wp-image-166\" src=\"http:\/\/sublimatio.com\/fineart\/wp-content\/uploads\/2013\/11\/Cadre-A0-80x120-Vertical-YU-7369-207x300.jpg\" alt=\"Cadre A0-80x120-Vertical-YU-7369\" width=\"136\" height=\"198\" srcset=\"https:\/\/sublimatio.com\/fineart\/wp-content\/uploads\/2013\/11\/Cadre-A0-80x120-Vertical-YU-7369-207x300.jpg 207w, https:\/\/sublimatio.com\/fineart\/wp-content\/uploads\/2013\/11\/Cadre-A0-80x120-Vertical-YU-7369-707x1024.jpg 707w, https:\/\/sublimatio.com\/fineart\/wp-content\/uploads\/2013\/11\/Cadre-A0-80x120-Vertical-YU-7369.jpg 900w\" sizes=\"auto, (max-width: 136px) 100vw, 136px\" \/><br \/>\n<img loading=\"lazy\" decoding=\"async\" class=\"aligncenter wp-image-163\" src=\"http:\/\/sublimatio.com\/fineart\/wp-content\/uploads\/2013\/11\/Cadre-2A0-100x100-Carr\u00e9-Dattura-7367-300x300.jpg\" alt=\"Cadre 2A0-100x100- Carr\u00e9-Dattura-7367\" width=\"144\" height=\"144\" srcset=\"https:\/\/sublimatio.com\/fineart\/wp-content\/uploads\/2013\/11\/Cadre-2A0-100x100-Carr\u00e9-Dattura-7367-300x300.jpg 300w, https:\/\/sublimatio.com\/fineart\/wp-content\/uploads\/2013\/11\/Cadre-2A0-100x100-Carr\u00e9-Dattura-7367-150x150.jpg 150w, https:\/\/sublimatio.com\/fineart\/wp-content\/uploads\/2013\/11\/Cadre-2A0-100x100-Carr\u00e9-Dattura-7367-90x90.jpg 90w, https:\/\/sublimatio.com\/fineart\/wp-content\/uploads\/2013\/11\/Cadre-2A0-100x100-Carr\u00e9-Dattura-7367.jpg 900w\" sizes=\"auto, (max-width: 144px) 100vw, 144px\" \/>[\/ezcol_1third] [ezcol_1third_end]<br \/>\n<strong>Classique\u00a0 \u00a0 \u00a0<\/strong>\u00a0 \u00a0 \u00a0 60x80cm ou 60x60cm,<br \/>\n<strong style=\"line-height: 1.5;\">Art Book+<\/strong><span style=\"line-height: 1.5;\">\u00a0 \u00a0 \u00a0 \u00a0 \u00a0 \u00a0 \u00a0 \u00a0 \u00a042x60cm,<br \/>\n<strong>Carr\u00e9 50<\/strong>\u00a0 \u00a0 \u00a0 \u00a0 \u00a0 \u00a0 \u00a0 \u00a0 \u00a050x50cm.<\/span><\/p>\n<p style=\"text-align: center;\"><img loading=\"lazy\" decoding=\"async\" class=\"aligncenter wp-image-260\" src=\"http:\/\/sublimatio.com\/fineart\/wp-content\/uploads\/2013\/11\/Cadre-A2-40x60-iris-Milesii-719-300x214.jpg\" alt=\"Cadre A2-40x60-iris Milesii-719\" width=\"134\" height=\"96\" srcset=\"https:\/\/sublimatio.com\/fineart\/wp-content\/uploads\/2013\/11\/Cadre-A2-40x60-iris-Milesii-719-300x214.jpg 300w, https:\/\/sublimatio.com\/fineart\/wp-content\/uploads\/2013\/11\/Cadre-A2-40x60-iris-Milesii-719.jpg 581w\" sizes=\"auto, (max-width: 134px) 100vw, 134px\" \/> <a href=\"https:\/\/sublimatio.com\/fineart\/wp-content\/uploads\/2013\/11\/Cadre-A2-40x60-Vertical-griffes-du-diable-7376.jpg\" data-src=\"https:\/\/sublimatio.com\/fineart\/wp-content\/uploads\/2013\/11\/Cadre-A2-40x60-Vertical-griffes-du-diable-7376.jpg\" data-thumb=\"http:\/\/sublimatio.com\/fineart\/wp-content\/uploads\/2013\/11\/Cadre-A2-40x60-Vertical-griffes-du-diable-7376-215x300.jpg\" class=\"ml-lightbox-enabled\"><img loading=\"lazy\" decoding=\"async\" class=\"aligncenter wp-image-168\" src=\"http:\/\/sublimatio.com\/fineart\/wp-content\/uploads\/2013\/11\/Cadre-A2-40x60-Vertical-griffes-du-diable-7376-215x300.jpg\" alt=\"Cadre A2-40x60-Vertical-griffes du diable\" width=\"85\" height=\"119\" srcset=\"https:\/\/sublimatio.com\/fineart\/wp-content\/uploads\/2013\/11\/Cadre-A2-40x60-Vertical-griffes-du-diable-7376-215x300.jpg 215w, https:\/\/sublimatio.com\/fineart\/wp-content\/uploads\/2013\/11\/Cadre-A2-40x60-Vertical-griffes-du-diable-7376.jpg 645w\" sizes=\"auto, (max-width: 85px) 100vw, 85px\" \/><\/a><\/p>\n<p style=\"text-align: center;\">[\/ezcol_1third_end]<\/p>\n<p style=\"text-align: center;\"><strong>Prix :<\/strong><br \/>\n<strong>Master 100<\/strong>\u00a0: 1900 \u20acttc,\u00a0<strong>Premium<strong>\u00a080\u00a0<\/strong><\/strong>:\u00a01200 \u20acttc,<strong><strong> \u00a0\u00a0Classique 60<\/strong><\/strong>: 900 \u20acttc,<strong><strong>\u00a0 A<strong>rt Book+ &amp; Carr\u00e9 50<\/strong>\u00a0: <\/strong><\/strong>\u00a0600 \u20acttc<br \/>\n<strong>Master 150<\/strong> : 2400ettc, <strong>Premium 100<\/strong> : 1400Ettc, <strong>Classique 80<\/strong> : 1200ettc.<\/p>\n<p style=\"text-align: center;\">Ces prix sont donn\u00e9s \u00e0 titre indicatif. Ils comprennent :<br \/>\nLe tirages sur papier Art Graphique avec vernis de protection, un certificat d&#8217;authenticit\u00e9 r\u00e9pertori\u00e9 et un cadre de pr\u00e9sentation avec verre inclus.<\/p>\n<p style=\"text-align: center;\">D&#8217;autres finitions et encadrement sont possibles en suppl\u00e9ment. Livraison et transport sur devis.<\/p>\n<p style=\"text-align: center;\">La liste des \u0153uvres et des prix selon les formats est disponible\u00a0sur demande par courriel.<br \/>\nCliquer\u00a0<a title=\"contact\" href=\"http:\/\/sublimatio.com\/portail\/contact\/\" target=\"_blank\"><span style=\"text-decoration: underline;\"><span style=\"color: #3366ff; text-decoration: underline;\">ICI<\/span><\/span><\/a><\/p>\n<p style=\"text-align: center;\">\n","protected":false},"excerpt":{"rendered":"<p>TIRAGES FINE ART Collections disponibles\u00a0: Le V\u00e9g\u00e9tal Sublim\u00e9, Hommage au Jardin Botanique de Lyon La Rose et le Vent (cr\u00e9ations en cours) [ezcol_1third id=&#8221;&#8221; class=&#8221;&#8221; style=&#8221;&#8221;]Tirages certifi\u00e9s, \u00e9dition limit\u00e9e :\u00a0 Toutes les images de Sublimatio Fine Art sont tir\u00e9es \u00e0 la demande, \u00e0 un maximum de sept exemplaires, dat\u00e9s, num\u00e9rot\u00e9s et sign\u00e9s par l\u2019artiste. Un &hellip; <a href=\"https:\/\/sublimatio.com\/fineart\/tirages-fine-art\/\" class=\"more-link\">Continuer la lecture de <span class=\"screen-reader-text\">Tirages Fine Art<\/span> <span class=\"meta-nav\">&rarr;<\/span><\/a><\/p>\n","protected":false},"author":2,"featured_media":0,"parent":0,"menu_order":0,"comment_status":"closed","ping_status":"open","template":"","meta":{"footnotes":""},"class_list":["post-110","page","type-page","status-publish","hentry"],"_links":{"self":[{"href":"https:\/\/sublimatio.com\/fineart\/wp-json\/wp\/v2\/pages\/110","targetHints":{"allow":["GET"]}}],"collection":[{"href":"https:\/\/sublimatio.com\/fineart\/wp-json\/wp\/v2\/pages"}],"about":[{"href":"https:\/\/sublimatio.com\/fineart\/wp-json\/wp\/v2\/types\/page"}],"author":[{"embeddable":true,"href":"https:\/\/sublimatio.com\/fineart\/wp-json\/wp\/v2\/users\/2"}],"replies":[{"embeddable":true,"href":"https:\/\/sublimatio.com\/fineart\/wp-json\/wp\/v2\/comments?post=110"}],"version-history":[{"count":48,"href":"https:\/\/sublimatio.com\/fineart\/wp-json\/wp\/v2\/pages\/110\/revisions"}],"predecessor-version":[{"id":408,"href":"https:\/\/sublimatio.com\/fineart\/wp-json\/wp\/v2\/pages\/110\/revisions\/408"}],"wp:attachment":[{"href":"https:\/\/sublimatio.com\/fineart\/wp-json\/wp\/v2\/media?parent=110"}],"curies":[{"name":"wp","href":"https:\/\/api.w.org\/{rel}","templated":true}]}}