{"id":112,"date":"2013-11-07T21:07:22","date_gmt":"2013-11-07T20:07:22","guid":{"rendered":"http:\/\/sublimatio.com\/fineart\/?page_id=112"},"modified":"2014-02-26T22:49:47","modified_gmt":"2014-02-26T21:49:47","slug":"carterie","status":"publish","type":"page","link":"https:\/\/sublimatio.com\/fineart\/carterie\/","title":{"rendered":"Carterie"},"content":{"rendered":"<p style=\"text-align: center;\"><span style=\"line-height: 1.5;\"><strong>CARTES &#8211; AFFICHES<\/strong><br \/>\n<\/span><\/p>\n<p style=\"text-align: center;\">[ezcol_1quarter]<\/p>\n<p style=\"text-align: center;\">Cartes 2 volets<img loading=\"lazy\" decoding=\"async\" class=\"aligncenter  wp-image-177\" alt=\"Ronsard\" src=\"http:\/\/sublimatio.com\/fineart\/wp-content\/uploads\/2013\/11\/Carte-double-Ronsard-0018.jpg\" width=\"900\" height=\"900\" srcset=\"https:\/\/sublimatio.com\/fineart\/wp-content\/uploads\/2013\/11\/Carte-double-Ronsard-0018.jpg 900w, https:\/\/sublimatio.com\/fineart\/wp-content\/uploads\/2013\/11\/Carte-double-Ronsard-0018-150x150.jpg 150w, https:\/\/sublimatio.com\/fineart\/wp-content\/uploads\/2013\/11\/Carte-double-Ronsard-0018-300x300.jpg 300w, https:\/\/sublimatio.com\/fineart\/wp-content\/uploads\/2013\/11\/Carte-double-Ronsard-0018-90x90.jpg 90w\" sizes=\"auto, (max-width: 900px) 100vw, 900px\" \/>[\/ezcol_1quarter] [ezcol_1quarter]<\/p>\n<p style=\"text-align: center;\">Cartes Simples<img loading=\"lazy\" decoding=\"async\" class=\"aligncenter  wp-image-301\" alt=\"Eventail cartes simples\" src=\"http:\/\/sublimatio.com\/fineart\/wp-content\/uploads\/2013\/11\/Eventail-cartes-simples.jpg\" width=\"709\" height=\"709\" srcset=\"https:\/\/sublimatio.com\/fineart\/wp-content\/uploads\/2013\/11\/Eventail-cartes-simples.jpg 709w, https:\/\/sublimatio.com\/fineart\/wp-content\/uploads\/2013\/11\/Eventail-cartes-simples-150x150.jpg 150w, https:\/\/sublimatio.com\/fineart\/wp-content\/uploads\/2013\/11\/Eventail-cartes-simples-300x300.jpg 300w\" sizes=\"auto, (max-width: 709px) 100vw, 709px\" \/><\/p>\n<p style=\"text-align: center;\">[\/ezcol_1quarter] [ezcol_1quarter]<\/p>\n<p style=\"text-align: center;\">Signets<img loading=\"lazy\" decoding=\"async\" class=\"aligncenter  wp-image-297\" alt=\"Signets eventail\" src=\"http:\/\/sublimatio.com\/fineart\/wp-content\/uploads\/2013\/11\/Signets-eventail.jpg\" width=\"709\" height=\"709\" srcset=\"https:\/\/sublimatio.com\/fineart\/wp-content\/uploads\/2013\/11\/Signets-eventail.jpg 709w, https:\/\/sublimatio.com\/fineart\/wp-content\/uploads\/2013\/11\/Signets-eventail-150x150.jpg 150w, https:\/\/sublimatio.com\/fineart\/wp-content\/uploads\/2013\/11\/Signets-eventail-300x300.jpg 300w\" sizes=\"auto, (max-width: 709px) 100vw, 709px\" \/><br \/>\n[\/ezcol_1quarter] [ezcol_1quarter_end]<\/p>\n<p style=\"text-align: center;\">Lot : 1 carte 2 volets + 1 carte simple + 1 signet<img loading=\"lazy\" decoding=\"async\" class=\"aligncenter size-medium wp-image-152\" alt=\"Bendle-Gerbera-7447\" src=\"http:\/\/sublimatio.com\/fineart\/wp-content\/uploads\/2013\/11\/Bendle-Gerbera-7447-295x300.jpg\" width=\"295\" height=\"300\" srcset=\"https:\/\/sublimatio.com\/fineart\/wp-content\/uploads\/2013\/11\/Bendle-Gerbera-7447-295x300.jpg 295w, https:\/\/sublimatio.com\/fineart\/wp-content\/uploads\/2013\/11\/Bendle-Gerbera-7447.jpg 595w\" sizes=\"auto, (max-width: 295px) 100vw, 295px\" \/>[\/ezcol_1quarter_end]<\/p>\n<p style=\"text-align: center;\"><a title=\"Boutique\" href=\"http:\/\/sublimatio.com\/portail\/boutique\/\" target=\"_blank\"><span style=\"text-decoration: underline;\"><span style=\"color: #0000ff; text-decoration: underline;\">Rendez-vous sur la boutique en ligne pour commander vos cartes, signets et livres.<\/span><\/span><\/a><\/p>\n<p style=\"text-align: center;\">Pensez \u00e0 optimiser votre livraison.<\/p>\n<p style=\"text-align: center;\">PAIPAL s\u00e9curise votre r\u00e8glement par carte bancaire.<\/p>\n<p style=\"text-align: center;\">\n","protected":false},"excerpt":{"rendered":"<p>CARTES &#8211; AFFICHES [ezcol_1quarter] Cartes 2 volets[\/ezcol_1quarter] [ezcol_1quarter] Cartes Simples [\/ezcol_1quarter] [ezcol_1quarter] Signets [\/ezcol_1quarter] [ezcol_1quarter_end] Lot : 1 carte 2 volets + 1 carte simple + 1 signet[\/ezcol_1quarter_end] Rendez-vous sur la boutique en ligne pour commander vos cartes, signets et livres. Pensez \u00e0 optimiser votre livraison. PAIPAL s\u00e9curise votre r\u00e8glement par carte bancaire.<\/p>\n","protected":false},"author":2,"featured_media":0,"parent":0,"menu_order":0,"comment_status":"closed","ping_status":"open","template":"","meta":{"footnotes":""},"class_list":["post-112","page","type-page","status-publish","hentry"],"_links":{"self":[{"href":"https:\/\/sublimatio.com\/fineart\/wp-json\/wp\/v2\/pages\/112","targetHints":{"allow":["GET"]}}],"collection":[{"href":"https:\/\/sublimatio.com\/fineart\/wp-json\/wp\/v2\/pages"}],"about":[{"href":"https:\/\/sublimatio.com\/fineart\/wp-json\/wp\/v2\/types\/page"}],"author":[{"embeddable":true,"href":"https:\/\/sublimatio.com\/fineart\/wp-json\/wp\/v2\/users\/2"}],"replies":[{"embeddable":true,"href":"https:\/\/sublimatio.com\/fineart\/wp-json\/wp\/v2\/comments?post=112"}],"version-history":[{"count":14,"href":"https:\/\/sublimatio.com\/fineart\/wp-json\/wp\/v2\/pages\/112\/revisions"}],"predecessor-version":[{"id":372,"href":"https:\/\/sublimatio.com\/fineart\/wp-json\/wp\/v2\/pages\/112\/revisions\/372"}],"wp:attachment":[{"href":"https:\/\/sublimatio.com\/fineart\/wp-json\/wp\/v2\/media?parent=112"}],"curies":[{"name":"wp","href":"https:\/\/api.w.org\/{rel}","templated":true}]}}