{"id":115,"date":"2013-11-07T21:10:31","date_gmt":"2013-11-07T20:10:31","guid":{"rendered":"http:\/\/sublimatio.com\/fineart\/?page_id=115"},"modified":"2015-06-15T07:23:28","modified_gmt":"2015-06-15T06:23:28","slug":"livre","status":"publish","type":"page","link":"https:\/\/sublimatio.com\/fineart\/livre\/","title":{"rendered":"Livre"},"content":{"rendered":"<p style=\"text-align: center;\"><input name=\"cmd\" type=\"hidden\" value=\"_s-xclick\" \/><\/p>\n<p style=\"text-align: center;\">[ezcol_2third]<span style=\"font-size: 18px;\"><strong><span style=\"color: #ff0000;\">Souscrivez<\/span>\u00a0<\/strong><\/span>avant le 30 juin\u00a02015 et b\u00e9n\u00e9ficiez d\u2019un tarif pr\u00e9f\u00e9rentiel<br \/>\nsur le prix de vente public\u00a0<span style=\"font-size: 18px; color: #ff0000;\"><strong>29,00 \u20ac\u00a0<\/strong><\/span>au lieu de\u00a0<strong><em>36\u00a0\u20ac<\/em><\/strong><br \/>\net contribuez \u00e0 la publication de cet ouvrage\u00a0:[\/ezcol_2third] [ezcol_1third_end]<\/p>\n<form action=\"https:\/\/www.paypal.com\/cgi-bin\/webscr\" method=\"post\" target=\"_top\"><input name=\"cmd\" type=\"hidden\" value=\"_s-xclick\" \/>PAIPAL s\u00e9curise votre r\u00e8glement par carte bancaire.<br \/>\n<input name=\"hosted_button_id\" type=\"hidden\" value=\"8P8DGMSSQEHX4\" \/><br \/>\n<input alt=\"PayPal - la solution de paiement en ligne la plus simple et la plus s\u00e9curis\u00e9e !\" name=\"submit\" src=\"https:\/\/www.paypalobjects.com\/fr_FR\/FR\/i\/btn\/btn_buynowCC_LG.gif\" type=\"image\" \/><br \/>\n<img loading=\"lazy\" decoding=\"async\" src=\"https:\/\/www.paypalobjects.com\/fr_FR\/i\/scr\/pixel.gif\" alt=\"\" width=\"1\" height=\"1\" border=\"0\" \/><\/form>\n<p><a href=\"http:\/\/sublimatio.com\/portail\/boutique\/\" target=\"_blank\"><span style=\"text-decoration: underline; color: #0000ff;\">J&#8217;optimise ma livraison<\/span><\/a><br \/>\n[\/ezcol_1third_end]<br \/>\n<strong>LIVRE<\/strong><\/p>\n<p style=\"text-align: center;\"><strong>La Rose et Le Vent<\/strong><br \/>\n<em>L&#8217;experience po\u00e9tique dans l&#8217;univers des roses<\/em><br \/>\n[ezcol_1third]<\/p>\n<p style=\"text-align: center;\"><img loading=\"lazy\" decoding=\"async\" class=\"aligncenter wp-image-425 size-medium\" src=\"http:\/\/sublimatio.com\/fineart\/wp-content\/uploads\/2013\/11\/A-Couverture-Livre-maquette-LRV-240x300.jpg\" alt=\"A Couverture Livre-maquette-LRV\" width=\"240\" height=\"300\" srcset=\"https:\/\/sublimatio.com\/fineart\/wp-content\/uploads\/2013\/11\/A-Couverture-Livre-maquette-LRV-240x300.jpg 240w, https:\/\/sublimatio.com\/fineart\/wp-content\/uploads\/2013\/11\/A-Couverture-Livre-maquette-LRV.jpg 480w\" sizes=\"auto, (max-width: 240px) 100vw, 240px\" \/><\/p>\n<p><span style=\"font-size: 14px; line-height: 1.5;\">\u00a0<\/span>\u2022 format 27X23\u00a0cm.<br \/>\n\u2022 102 pages couleur<span style=\"line-height: 1.5;\"><br \/>\n<\/span>\u2022\u00a0couverture rigide imprim\u00e9e.<br \/>\n[\/ezcol_1third] [ezcol_2third_end]<\/p>\n<p class=\"p1\">En r\u00e9sidence artistique dans les roseraies du Parc de la T\u00eate d\u2019Or de Lyon,\u00a0Nicolas Roux Dit Buisson associe la magie de la Rose \u00e0 la puissance du Vent,\u00a0pour nous entra\u00eener dans un voyage au-del\u00e0 du sensible.<\/p>\n<p class=\"p1\">Dans ce deuxi\u00e8me opus du <span class=\"s1\">V\u00e9g\u00e9tal Sublim\u00e9<\/span>, l\u2019artiste d\u00e9voile les myst\u00e8res de la reine des fleurs. Les \u0153uvres sont reprises selon l\u2019installation photographique r\u00e9alis\u00e9e et admir\u00e9e dans la Roseraie Internationale, par plus de 220 000 visiteurs, lors du week-end inaugural du Festival Mondial des Roses, les 30 et 31mai 2015.<\/p>\n<p style=\"text-align: right;\">Edition par Nicolas Roux Dit Buisson,<br \/>\nIndicatif \u00e9diteur : 978-2-9547884<br \/>\n\u2022\u00a0n\u00b0 ISBN : 978-2-9547884-1-8<br \/>\n<span style=\"color: #800000;\">\u2022 Disponibilit\u00e9\u00a030 juin 2015<br \/>\n<\/span>[\/ezcol_2third_end]<\/p>\n<p>[ezcol_1half id=&#8221;&#8221; class=&#8221;&#8221; style=&#8221;&#8221;]<\/p>\n<p style=\"text-align: center;\"><a href=\"http:\/\/sublimatio.com\/fineart\/wp-content\/uploads\/2013\/11\/P22-lvs-324_72dpi.jpg\"><br \/>\n<\/a><\/p>\n<p>[\/ezcol_1half] [ezcol_1half_end id=&#8221;&#8221; class=&#8221;&#8221; style=&#8221;&#8221;]\n<\/p>\n<p style=\"text-align: center;\">\n<p>[\/ezcol_1half_end]<\/p>\n<p style=\"text-align: center;\"><span style=\"text-decoration: underline;\"><span style=\"color: #0000ff;\"><a title=\"Boutique\" href=\"http:\/\/sublimatio.com\/portail\/boutique\/\" target=\"_blank\"><span style=\"color: #0000ff; text-decoration: underline;\">Rendez-vous sur la boutique en ligne pour commander vos cartes, signets et livres.<\/span><\/a><\/span><\/span><\/p>\n<p style=\"text-align: center;\">Pensez \u00e0 optimiser votre livraison.<\/p>\n<p style=\"text-align: center;\">PAIPAL s\u00e9curise votre r\u00e8glement par carte bancaire.<\/p>\n","protected":false},"excerpt":{"rendered":"<p>[ezcol_2third]Souscrivez\u00a0avant le 30 juin\u00a02015 et b\u00e9n\u00e9ficiez d\u2019un tarif pr\u00e9f\u00e9rentiel sur le prix de vente public\u00a029,00 \u20ac\u00a0au lieu de\u00a036\u00a0\u20ac et contribuez \u00e0 la publication de cet ouvrage\u00a0:[\/ezcol_2third] [ezcol_1third_end] PAIPAL s\u00e9curise votre r\u00e8glement par carte bancaire. J&#8217;optimise ma livraison [\/ezcol_1third_end] LIVRE La Rose et Le Vent L&#8217;experience po\u00e9tique dans l&#8217;univers des roses [ezcol_1third] \u00a0\u2022 format 27X23\u00a0cm. \u2022 &hellip; <a href=\"https:\/\/sublimatio.com\/fineart\/livre\/\" class=\"more-link\">Continuer la lecture de <span class=\"screen-reader-text\">Livre<\/span> <span class=\"meta-nav\">&rarr;<\/span><\/a><\/p>\n","protected":false},"author":2,"featured_media":0,"parent":0,"menu_order":0,"comment_status":"closed","ping_status":"open","template":"","meta":{"footnotes":""},"class_list":["post-115","page","type-page","status-publish","hentry"],"_links":{"self":[{"href":"https:\/\/sublimatio.com\/fineart\/wp-json\/wp\/v2\/pages\/115","targetHints":{"allow":["GET"]}}],"collection":[{"href":"https:\/\/sublimatio.com\/fineart\/wp-json\/wp\/v2\/pages"}],"about":[{"href":"https:\/\/sublimatio.com\/fineart\/wp-json\/wp\/v2\/types\/page"}],"author":[{"embeddable":true,"href":"https:\/\/sublimatio.com\/fineart\/wp-json\/wp\/v2\/users\/2"}],"replies":[{"embeddable":true,"href":"https:\/\/sublimatio.com\/fineart\/wp-json\/wp\/v2\/comments?post=115"}],"version-history":[{"count":45,"href":"https:\/\/sublimatio.com\/fineart\/wp-json\/wp\/v2\/pages\/115\/revisions"}],"predecessor-version":[{"id":426,"href":"https:\/\/sublimatio.com\/fineart\/wp-json\/wp\/v2\/pages\/115\/revisions\/426"}],"wp:attachment":[{"href":"https:\/\/sublimatio.com\/fineart\/wp-json\/wp\/v2\/media?parent=115"}],"curies":[{"name":"wp","href":"https:\/\/api.w.org\/{rel}","templated":true}]}}