{"id":565,"date":"2019-08-01T16:21:12","date_gmt":"2019-08-01T15:21:12","guid":{"rendered":"https:\/\/sublimatio.com\/fineart\/?page_id=565"},"modified":"2019-08-01T16:35:16","modified_gmt":"2019-08-01T15:35:16","slug":"fine-art","status":"publish","type":"page","link":"https:\/\/sublimatio.com\/fineart\/","title":{"rendered":"Fine Art"},"content":{"rendered":"<div id=\"pl-565\"  class=\"panel-layout\" ><div id=\"pg-565-0\"  class=\"panel-grid panel-no-style\" ><div id=\"pgc-565-0-0\"  class=\"panel-grid-cell\" ><div id=\"panel-565-0-0-0\" class=\"so-panel widget widget_sow-editor panel-first-child panel-last-child\" data-index=\"0\" ><div\n\t\t\t\n\t\t\tclass=\"so-widget-sow-editor so-widget-sow-editor-base\"\n\t\t\t\n\t\t>\n<div class=\"siteorigin-widget-tinymce textwidget\">\n\t<div id=\"metaslider-id-543\" style=\"width: 100%;\" class=\"ml-slider-3-107-0 metaslider metaslider-flex metaslider-543 ml-slider ml-slider-lightbox-2-22-0 lightbox-disabled ms-theme-default nav-hidden\" role=\"region\" aria-label=\"slider-accueil\" data-height=\"640\" data-width=\"900\">\n    <div id=\"metaslider_container_543\">\n        <div id=\"metaslider_543\">\n            <ul class='slides'>\n                <li style=\"display: block; width: 100%;\" class=\"slide-544 ms-image \" aria-roledescription=\"slide\" data-date=\"2019-08-01 16:09:08\" data-filename=\"TIBOUCHINA-060430-46_900pxcoinVG.jpg\" data-slide-type=\"image\"><img loading=\"lazy\" decoding=\"async\" width=\"900\" height=\"640\" src=\"https:\/\/sublimatio.com\/fineart\/wp-content\/uploads\/2013\/11\/TIBOUCHINA-060430-46_900pxcoinVG.jpg\" class=\"slider-543 slide-544 msDefaultImage\" alt=\"\" rel=\"\" title=\"TIBOUCHINA-060430-46_900pxcoinVG\" srcset=\"https:\/\/sublimatio.com\/fineart\/wp-content\/uploads\/2013\/11\/TIBOUCHINA-060430-46_900pxcoinVG.jpg 900w, https:\/\/sublimatio.com\/fineart\/wp-content\/uploads\/2013\/11\/TIBOUCHINA-060430-46_900pxcoinVG-300x213.jpg 300w\" sizes=\"auto, (max-width: 900px) 100vw, 900px\" \/><\/li>\n                <li style=\"display: none; width: 100%;\" class=\"slide-545 ms-image \" aria-roledescription=\"slide\" data-date=\"2019-08-01 16:09:44\" data-filename=\"ARISTOLOCHIA-GIGANTEA-14_900pxVG.jpg\" data-slide-type=\"image\"><img loading=\"lazy\" decoding=\"async\" width=\"900\" height=\"640\" src=\"https:\/\/sublimatio.com\/fineart\/wp-content\/uploads\/2013\/11\/ARISTOLOCHIA-GIGANTEA-14_900pxVG.jpg\" class=\"slider-543 slide-545 msDefaultImage\" alt=\"\" rel=\"\" title=\"ARISTOLOCHIA GIGANTEA-14_900pxVG\" srcset=\"https:\/\/sublimatio.com\/fineart\/wp-content\/uploads\/2013\/11\/ARISTOLOCHIA-GIGANTEA-14_900pxVG.jpg 900w, https:\/\/sublimatio.com\/fineart\/wp-content\/uploads\/2013\/11\/ARISTOLOCHIA-GIGANTEA-14_900pxVG-300x213.jpg 300w\" sizes=\"auto, (max-width: 900px) 100vw, 900px\" \/><\/li>\n                <li style=\"display: none; width: 100%;\" class=\"slide-546 ms-image \" aria-roledescription=\"slide\" data-date=\"2019-08-01 16:10:01\" data-filename=\"Mirroir-6043_ws900px-VG.jpg\" data-slide-type=\"image\"><img loading=\"lazy\" decoding=\"async\" width=\"900\" height=\"640\" src=\"https:\/\/sublimatio.com\/fineart\/wp-content\/uploads\/2013\/11\/Mirroir-6043_ws900px-VG.jpg\" class=\"slider-543 slide-546 msDefaultImage\" alt=\"\" rel=\"\" title=\"De l&#039;autre c\u00f4t\u00e9 du mirroir\" srcset=\"https:\/\/sublimatio.com\/fineart\/wp-content\/uploads\/2013\/11\/Mirroir-6043_ws900px-VG.jpg 900w, https:\/\/sublimatio.com\/fineart\/wp-content\/uploads\/2013\/11\/Mirroir-6043_ws900px-VG-300x213.jpg 300w\" sizes=\"auto, (max-width: 900px) 100vw, 900px\" \/><\/li>\n                <li style=\"display: none; width: 100%;\" class=\"slide-548 ms-image \" aria-roledescription=\"slide\" data-date=\"2019-08-01 16:11:33\" data-filename=\"CLEMATIS-VITALBA-149-900pxVG.jpg\" data-slide-type=\"image\"><img loading=\"lazy\" decoding=\"async\" width=\"900\" height=\"640\" src=\"https:\/\/sublimatio.com\/fineart\/wp-content\/uploads\/2013\/11\/CLEMATIS-VITALBA-149-900pxVG.jpg\" class=\"slider-543 slide-548 msDefaultImage\" alt=\"\" rel=\"\" title=\"Danse du vent\" srcset=\"https:\/\/sublimatio.com\/fineart\/wp-content\/uploads\/2013\/11\/CLEMATIS-VITALBA-149-900pxVG.jpg 900w, https:\/\/sublimatio.com\/fineart\/wp-content\/uploads\/2013\/11\/CLEMATIS-VITALBA-149-900pxVG-300x213.jpg 300w\" sizes=\"auto, (max-width: 900px) 100vw, 900px\" \/><\/li>\n                <li style=\"display: none; width: 100%;\" class=\"slide-549 ms-image \" aria-roledescription=\"slide\" data-date=\"2019-08-01 16:11:55\" data-filename=\"SDMS-Antenne-PAM-ws900px-VG.jpg\" data-slide-type=\"image\"><img loading=\"lazy\" decoding=\"async\" width=\"900\" height=\"640\" src=\"https:\/\/sublimatio.com\/fineart\/wp-content\/uploads\/2013\/11\/SDMS-Antenne-PAM-ws900px-VG.jpg\" class=\"slider-543 slide-549 msDefaultImage\" alt=\"\" rel=\"\" title=\"Antenne PAM TORRE Supra,\" srcset=\"https:\/\/sublimatio.com\/fineart\/wp-content\/uploads\/2013\/11\/SDMS-Antenne-PAM-ws900px-VG.jpg 900w, https:\/\/sublimatio.com\/fineart\/wp-content\/uploads\/2013\/11\/SDMS-Antenne-PAM-ws900px-VG-300x213.jpg 300w\" sizes=\"auto, (max-width: 900px) 100vw, 900px\" \/><\/li>\n                <li style=\"display: none; width: 100%;\" class=\"slide-550 ms-image \" aria-roledescription=\"slide\" data-date=\"2019-08-01 16:12:54\" data-filename=\"DALECHAMPIA-90-900pxVG.jpg\" data-slide-type=\"image\"><img loading=\"lazy\" decoding=\"async\" width=\"900\" height=\"640\" src=\"https:\/\/sublimatio.com\/fineart\/wp-content\/uploads\/2013\/11\/DALECHAMPIA-90-900pxVG.jpg\" class=\"slider-543 slide-550 msDefaultImage\" alt=\"\" rel=\"\" title=\"Tribute to Dali\" srcset=\"https:\/\/sublimatio.com\/fineart\/wp-content\/uploads\/2013\/11\/DALECHAMPIA-90-900pxVG.jpg 900w, https:\/\/sublimatio.com\/fineart\/wp-content\/uploads\/2013\/11\/DALECHAMPIA-90-900pxVG-300x213.jpg 300w\" sizes=\"auto, (max-width: 900px) 100vw, 900px\" \/><\/li>\n                <li style=\"display: none; width: 100%;\" class=\"slide-551 ms-image \" aria-roledescription=\"slide\" data-date=\"2019-08-01 16:14:24\" data-filename=\"Datura-fruit-126-900pxVG.jpg\" data-slide-type=\"image\"><img loading=\"lazy\" decoding=\"async\" width=\"900\" height=\"640\" src=\"https:\/\/sublimatio.com\/fineart\/wp-content\/uploads\/2013\/11\/Datura-fruit-126-900pxVG.jpg\" class=\"slider-543 slide-551 msDefaultImage\" alt=\"\" rel=\"\" title=\"Dhattura fruit\" srcset=\"https:\/\/sublimatio.com\/fineart\/wp-content\/uploads\/2013\/11\/Datura-fruit-126-900pxVG.jpg 900w, https:\/\/sublimatio.com\/fineart\/wp-content\/uploads\/2013\/11\/Datura-fruit-126-900pxVG-300x213.jpg 300w\" sizes=\"auto, (max-width: 900px) 100vw, 900px\" \/><\/li>\n                <li style=\"display: none; width: 100%;\" class=\"slide-552 ms-image \" aria-roledescription=\"slide\" data-date=\"2019-08-01 16:14:33\" data-filename=\"Mineral-59-ws900px-VG.jpg\" data-slide-type=\"image\"><img loading=\"lazy\" decoding=\"async\" width=\"900\" height=\"640\" src=\"https:\/\/sublimatio.com\/fineart\/wp-content\/uploads\/2013\/11\/Mineral-59-ws900px-VG.jpg\" class=\"slider-543 slide-552 msDefaultImage\" alt=\"\" rel=\"\" title=\"Mineral\" srcset=\"https:\/\/sublimatio.com\/fineart\/wp-content\/uploads\/2013\/11\/Mineral-59-ws900px-VG.jpg 900w, https:\/\/sublimatio.com\/fineart\/wp-content\/uploads\/2013\/11\/Mineral-59-ws900px-VG-300x213.jpg 300w\" sizes=\"auto, (max-width: 900px) 100vw, 900px\" \/><\/li>\n                <li style=\"display: none; width: 100%;\" class=\"slide-553 ms-image \" aria-roledescription=\"slide\" data-date=\"2019-08-01 16:14:47\" data-filename=\"Brainflower-1-900pxVG.jpg\" data-slide-type=\"image\"><img loading=\"lazy\" decoding=\"async\" width=\"900\" height=\"640\" src=\"https:\/\/sublimatio.com\/fineart\/wp-content\/uploads\/2013\/11\/Brainflower-1-900pxVG.jpg\" class=\"slider-543 slide-553 msDefaultImage\" alt=\"\" rel=\"\" title=\"Autoportrait au travail\" srcset=\"https:\/\/sublimatio.com\/fineart\/wp-content\/uploads\/2013\/11\/Brainflower-1-900pxVG.jpg 900w, https:\/\/sublimatio.com\/fineart\/wp-content\/uploads\/2013\/11\/Brainflower-1-900pxVG-300x213.jpg 300w\" sizes=\"auto, (max-width: 900px) 100vw, 900px\" \/><\/li>\n                <li style=\"display: none; width: 100%;\" class=\"slide-554 ms-image \" aria-roledescription=\"slide\" data-date=\"2019-08-01 16:14:58\" data-filename=\"Gemini-2-VG.jpg\" data-slide-type=\"image\"><img loading=\"lazy\" decoding=\"async\" width=\"900\" height=\"640\" src=\"https:\/\/sublimatio.com\/fineart\/wp-content\/uploads\/2013\/11\/Gemini-2-VG.jpg\" class=\"slider-543 slide-554 msDefaultImage\" alt=\"\" rel=\"\" title=\"Gemini 2\" srcset=\"https:\/\/sublimatio.com\/fineart\/wp-content\/uploads\/2013\/11\/Gemini-2-VG.jpg 900w, https:\/\/sublimatio.com\/fineart\/wp-content\/uploads\/2013\/11\/Gemini-2-VG-300x213.jpg 300w\" sizes=\"auto, (max-width: 900px) 100vw, 900px\" \/><\/li>\n                <li style=\"display: none; width: 100%;\" class=\"slide-555 ms-image \" aria-roledescription=\"slide\" data-date=\"2019-08-01 16:15:08\" data-filename=\"HELYCONIA2-8363-900pxVG.jpg\" data-slide-type=\"image\"><img loading=\"lazy\" decoding=\"async\" width=\"900\" height=\"640\" src=\"https:\/\/sublimatio.com\/fineart\/wp-content\/uploads\/2013\/11\/HELYCONIA2-8363-900pxVG.jpg\" class=\"slider-543 slide-555 msDefaultImage\" alt=\"\" rel=\"\" title=\"Patuj\u00f9\" srcset=\"https:\/\/sublimatio.com\/fineart\/wp-content\/uploads\/2013\/11\/HELYCONIA2-8363-900pxVG.jpg 900w, https:\/\/sublimatio.com\/fineart\/wp-content\/uploads\/2013\/11\/HELYCONIA2-8363-900pxVG-300x213.jpg 300w\" sizes=\"auto, (max-width: 900px) 100vw, 900px\" \/><\/li>\n                <li style=\"display: none; width: 100%;\" class=\"slide-556 ms-image \" aria-roledescription=\"slide\" data-date=\"2019-08-01 16:15:16\" data-filename=\"Kercap-1-Org-649-VG.jpg\" data-slide-type=\"image\"><img loading=\"lazy\" decoding=\"async\" width=\"900\" height=\"640\" src=\"https:\/\/sublimatio.com\/fineart\/wp-content\/uploads\/2013\/11\/Kercap-1-Org-649-VG.jpg\" class=\"slider-543 slide-556 msDefaultImage\" alt=\"\" rel=\"\" title=\"Feng Shui\" srcset=\"https:\/\/sublimatio.com\/fineart\/wp-content\/uploads\/2013\/11\/Kercap-1-Org-649-VG.jpg 900w, https:\/\/sublimatio.com\/fineart\/wp-content\/uploads\/2013\/11\/Kercap-1-Org-649-VG-300x213.jpg 300w\" sizes=\"auto, (max-width: 900px) 100vw, 900px\" \/><\/li>\n                <li style=\"display: none; width: 100%;\" class=\"slide-557 ms-image \" aria-roledescription=\"slide\" data-date=\"2019-08-01 16:15:30\" data-filename=\"IRIS-MILESII-719-SHAOLIN-900px.jpg\" data-slide-type=\"image\"><img loading=\"lazy\" decoding=\"async\" width=\"900\" height=\"640\" src=\"https:\/\/sublimatio.com\/fineart\/wp-content\/uploads\/2013\/11\/IRIS-MILESII-719-SHAOLIN-900px.jpg\" class=\"slider-543 slide-557 msDefaultImage\" alt=\"\" rel=\"\" title=\"Shaolin - Iris Milesii\" srcset=\"https:\/\/sublimatio.com\/fineart\/wp-content\/uploads\/2013\/11\/IRIS-MILESII-719-SHAOLIN-900px.jpg 900w, https:\/\/sublimatio.com\/fineart\/wp-content\/uploads\/2013\/11\/IRIS-MILESII-719-SHAOLIN-900px-300x213.jpg 300w\" sizes=\"auto, (max-width: 900px) 100vw, 900px\" \/><\/li>\n            <\/ul>\n        <\/div>\n        \n    <\/div>\n<\/div>\n<p><strong>Sublimatio Fine Art<\/strong>&nbsp;regroupe le travail de recherches et de cr\u00e9ations personnelles ou sur commande, lorsque l\u2019art prime sur toute autre consid\u00e9ration.<\/p>\n<p>Selon l\u2019inspiration et les circonstances, diff\u00e9rents <em><a title=\"Th\u00e8mes\" href=\"https:\/\/sublimatio.com\/fineart\/themes\/\">th\u00e8mes<\/a><\/em> sont d\u00e9velopp\u00e9s qui sont chacun un projet&nbsp;artistique \u00e0 part enti\u00e8re. Enrichi d\u2019un nombre d\u2019images suffisant pour exprimer ma vision, il devient&nbsp;une exposition ou un <a title=\"Livre\" href=\"https:\/\/sublimatio.com\/fineart\/livre\/\"><em>livre<\/em><\/a>.<br \/>\nLes <em><a title=\"Tirages Fine Art\" href=\"https:\/\/sublimatio.com\/fineart\/tirages-fine-art\/\">tirages Fine Art certifi\u00e9s<\/a><\/em>, en \u00e9dition limit\u00e9e, sont disponibles sur demande.<\/p>\n<p style=\"text-align: center;\"><a title=\"Th\u00e8mes\" href=\"https:\/\/sublimatio.com\/fineart\/themes\/\">D\u00e9couvrez les diff\u00e9rents th\u00e8mes<\/a><\/p>\n<\/div>\n<\/div><\/div><\/div><\/div><\/div>","protected":false},"excerpt":{"rendered":"<p>Sublimatio Fine Art&nbsp;regroupe le travail de recherches et de cr\u00e9ations personnelles ou sur commande, lorsque l\u2019art prime sur toute autre consid\u00e9ration. Selon l\u2019inspiration et les circonstances, diff\u00e9rents th\u00e8mes sont d\u00e9velopp\u00e9s qui sont chacun un projet&nbsp;artistique \u00e0 part enti\u00e8re. Enrichi d\u2019un nombre d\u2019images suffisant pour exprimer ma vision, il devient&nbsp;une exposition ou un livre. Les tirages &hellip; <a href=\"https:\/\/sublimatio.com\/fineart\/\" class=\"more-link\">Continuer la lecture de <span class=\"screen-reader-text\">Fine Art<\/span> <span class=\"meta-nav\">&rarr;<\/span><\/a><\/p>\n","protected":false},"author":1,"featured_media":0,"parent":0,"menu_order":1,"comment_status":"closed","ping_status":"closed","template":"","meta":{"footnotes":""},"class_list":["post-565","page","type-page","status-publish","hentry"],"_links":{"self":[{"href":"https:\/\/sublimatio.com\/fineart\/wp-json\/wp\/v2\/pages\/565","targetHints":{"allow":["GET"]}}],"collection":[{"href":"https:\/\/sublimatio.com\/fineart\/wp-json\/wp\/v2\/pages"}],"about":[{"href":"https:\/\/sublimatio.com\/fineart\/wp-json\/wp\/v2\/types\/page"}],"author":[{"embeddable":true,"href":"https:\/\/sublimatio.com\/fineart\/wp-json\/wp\/v2\/users\/1"}],"replies":[{"embeddable":true,"href":"https:\/\/sublimatio.com\/fineart\/wp-json\/wp\/v2\/comments?post=565"}],"version-history":[{"count":6,"href":"https:\/\/sublimatio.com\/fineart\/wp-json\/wp\/v2\/pages\/565\/revisions"}],"predecessor-version":[{"id":599,"href":"https:\/\/sublimatio.com\/fineart\/wp-json\/wp\/v2\/pages\/565\/revisions\/599"}],"wp:attachment":[{"href":"https:\/\/sublimatio.com\/fineart\/wp-json\/wp\/v2\/media?parent=565"}],"curies":[{"name":"wp","href":"https:\/\/api.w.org\/{rel}","templated":true}]}}