{"id":80,"date":"2013-11-07T14:44:33","date_gmt":"2013-11-07T13:44:33","guid":{"rendered":"http:\/\/sublimatio.com\/fineart\/?page_id=80"},"modified":"2019-08-01T16:35:23","modified_gmt":"2019-08-01T15:35:23","slug":"themes","status":"publish","type":"page","link":"https:\/\/sublimatio.com\/fineart\/themes\/","title":{"rendered":"Th\u00e8mes"},"content":{"rendered":"<p><strong style=\"line-height: 1.5;\">Th\u00e8mes en cours :<\/strong><\/p>\n<p style=\"text-align: center;\">[ezcol_1fifth id=&#8221;&#8221; class=&#8221;&#8221; style=&#8221;&#8221;]<\/p>\n<p><img loading=\"lazy\" decoding=\"async\" class=\"size-medium wp-image-514\" src=\"http:\/\/sublimatio.com\/fineart\/wp-content\/uploads\/2013\/11\/NAGER_LIGUE-6043_1600px-300x200.jpg\" alt=\"\" width=\"300\" height=\"200\" srcset=\"https:\/\/sublimatio.com\/fineart\/wp-content\/uploads\/2013\/11\/NAGER_LIGUE-6043_1600px-300x200.jpg 300w, https:\/\/sublimatio.com\/fineart\/wp-content\/uploads\/2013\/11\/NAGER_LIGUE-6043_1600px-768x512.jpg 768w, https:\/\/sublimatio.com\/fineart\/wp-content\/uploads\/2013\/11\/NAGER_LIGUE-6043_1600px-1024x683.jpg 1024w, https:\/\/sublimatio.com\/fineart\/wp-content\/uploads\/2013\/11\/NAGER_LIGUE-6043_1600px.jpg 1600w\" sizes=\"auto, (max-width: 300px) 100vw, 300px\" \/><\/p>\n<p>De l&#8217;autre c\u00f4t\u00e9 du miroir&#8230;<br \/>\n[\/ezcol_1fifth] [ezcol_1fifth id=&#8221;&#8221; class=&#8221;&#8221; style=&#8221;&#8221;]<\/p>\n<p><img loading=\"lazy\" decoding=\"async\" class=\"size-medium wp-image-513\" src=\"http:\/\/sublimatio.com\/fineart\/wp-content\/uploads\/2013\/11\/Gemini-2-A2-Tirage-expo-sur3800-300x214.jpg\" alt=\"\" width=\"300\" height=\"214\" srcset=\"https:\/\/sublimatio.com\/fineart\/wp-content\/uploads\/2013\/11\/Gemini-2-A2-Tirage-expo-sur3800-300x214.jpg 300w, https:\/\/sublimatio.com\/fineart\/wp-content\/uploads\/2013\/11\/Gemini-2-A2-Tirage-expo-sur3800-768x548.jpg 768w, https:\/\/sublimatio.com\/fineart\/wp-content\/uploads\/2013\/11\/Gemini-2-A2-Tirage-expo-sur3800-1024x731.jpg 1024w, https:\/\/sublimatio.com\/fineart\/wp-content\/uploads\/2013\/11\/Gemini-2-A2-Tirage-expo-sur3800.jpg 1600w\" sizes=\"auto, (max-width: 300px) 100vw, 300px\" \/><\/p>\n<p>Animal&#8217;s<br \/>\n[\/ezcol_1fifth] [ezcol_1fifth id=&#8221;&#8221; class=&#8221;&#8221; style=&#8221;&#8221;]<\/p>\n<p style=\"text-align: center;\"><img loading=\"lazy\" decoding=\"async\" class=\"aligncenter size-medium wp-image-515\" src=\"http:\/\/sublimatio.com\/fineart\/wp-content\/uploads\/2013\/11\/CdB-Mineral-59-ws1600px-300x200.jpg\" alt=\"\" width=\"300\" height=\"200\" srcset=\"https:\/\/sublimatio.com\/fineart\/wp-content\/uploads\/2013\/11\/CdB-Mineral-59-ws1600px-300x200.jpg 300w, https:\/\/sublimatio.com\/fineart\/wp-content\/uploads\/2013\/11\/CdB-Mineral-59-ws1600px-768x512.jpg 768w, https:\/\/sublimatio.com\/fineart\/wp-content\/uploads\/2013\/11\/CdB-Mineral-59-ws1600px-1024x683.jpg 1024w, https:\/\/sublimatio.com\/fineart\/wp-content\/uploads\/2013\/11\/CdB-Mineral-59-ws1600px.jpg 1600w\" sizes=\"auto, (max-width: 300px) 100vw, 300px\" \/><\/p>\n<p>Min\u00e9ral<br \/>\n[\/ezcol_1fifth] [ezcol_1fifth id=&#8221;&#8221; class=&#8221;&#8221; style=&#8221;&#8221;]<\/p>\n<p><img loading=\"lazy\" decoding=\"async\" class=\"size-medium wp-image-516\" src=\"http:\/\/sublimatio.com\/fineart\/wp-content\/uploads\/2013\/11\/SDMS-Antenne-PAM-ws1600px-300x198.jpg\" alt=\"\" width=\"300\" height=\"198\" srcset=\"https:\/\/sublimatio.com\/fineart\/wp-content\/uploads\/2013\/11\/SDMS-Antenne-PAM-ws1600px-300x198.jpg 300w, https:\/\/sublimatio.com\/fineart\/wp-content\/uploads\/2013\/11\/SDMS-Antenne-PAM-ws1600px-768x507.jpg 768w, https:\/\/sublimatio.com\/fineart\/wp-content\/uploads\/2013\/11\/SDMS-Antenne-PAM-ws1600px-1024x676.jpg 1024w, https:\/\/sublimatio.com\/fineart\/wp-content\/uploads\/2013\/11\/SDMS-Antenne-PAM-ws1600px.jpg 1600w\" sizes=\"auto, (max-width: 300px) 100vw, 300px\" \/><\/p>\n<p>Industr&#8217;Art<\/p>\n<p>[\/ezcol_1fifth] [ezcol_1fifth_end id=&#8221;&#8221; class=&#8221;&#8221; style=&#8221;&#8221;]<\/p>\n<p><img loading=\"lazy\" decoding=\"async\" class=\"size-medium wp-image-517\" src=\"http:\/\/sublimatio.com\/fineart\/wp-content\/uploads\/2013\/11\/Kercap-1-Org-649-300x128.jpg\" alt=\"\" width=\"300\" height=\"128\" srcset=\"https:\/\/sublimatio.com\/fineart\/wp-content\/uploads\/2013\/11\/Kercap-1-Org-649-300x128.jpg 300w, https:\/\/sublimatio.com\/fineart\/wp-content\/uploads\/2013\/11\/Kercap-1-Org-649-768x327.jpg 768w, https:\/\/sublimatio.com\/fineart\/wp-content\/uploads\/2013\/11\/Kercap-1-Org-649-1024x436.jpg 1024w, https:\/\/sublimatio.com\/fineart\/wp-content\/uploads\/2013\/11\/Kercap-1-Org-649.jpg 1600w\" sizes=\"auto, (max-width: 300px) 100vw, 300px\" \/><\/p>\n<p>Feng Shui<br \/>\n[\/ezcol_1fifth_end]<\/p>\n<p style=\"text-align: center;\"><img loading=\"lazy\" decoding=\"async\" class=\"aligncenter wp-image-452 size-medium\" src=\"http:\/\/sublimatio.com\/fineart\/wp-content\/uploads\/2013\/11\/VEG_SUB-LOGO2-sRVB-300x77.jpg\" width=\"300\" height=\"77\"><\/p>\n<p style=\"font-size: 22px; text-align: center;\">[ezcol_1half id=&#8221;&#8221; class=&#8221;&#8221; style=&#8221;&#8221;&nbsp;style=&#8221;font-size: 20px; text-align: center;&#8221;]<span style=\"color: #0000ff;\"><a title=\"EXPOSITIONS\" href=\"http:\/\/sublimatio.com\/fineart\/expositions\/\"><span style=\"color: #0000ff;\">L&#8217;exposition<\/span><\/a><\/span>[\/ezcol_1half] [ezcol_1half_end id=&#8221;&#8221; class=&#8221;&#8221; style=&#8221;font-size: 20px; text-align: center;&#8221;]<span style=\"color: #0000ff;\"><a title=\"veg-sub accueil\" href=\"http:\/\/levegetalsublime.com\/\"><span style=\"color: #0000ff;\">Le site du projet<\/span><\/a><\/span>[\/ezcol_1half_end]<\/p>\n<p><img loading=\"lazy\" decoding=\"async\" class=\"size-medium wp-image-519\" src=\"http:\/\/sublimatio.com\/fineart\/wp-content\/uploads\/2013\/11\/La-Rose-Blanche_115_2-ws1600px-300x200.jpg\" alt=\"\" width=\"300\" height=\"200\" srcset=\"https:\/\/sublimatio.com\/fineart\/wp-content\/uploads\/2013\/11\/La-Rose-Blanche_115_2-ws1600px-300x200.jpg 300w, https:\/\/sublimatio.com\/fineart\/wp-content\/uploads\/2013\/11\/La-Rose-Blanche_115_2-ws1600px-768x512.jpg 768w, https:\/\/sublimatio.com\/fineart\/wp-content\/uploads\/2013\/11\/La-Rose-Blanche_115_2-ws1600px-1024x683.jpg 1024w, https:\/\/sublimatio.com\/fineart\/wp-content\/uploads\/2013\/11\/La-Rose-Blanche_115_2-ws1600px.jpg 1600w\" sizes=\"auto, (max-width: 300px) 100vw, 300px\" \/><\/p>\n","protected":false},"excerpt":{"rendered":"<p>Th\u00e8mes en cours : [ezcol_1fifth id=&#8221;&#8221; class=&#8221;&#8221; style=&#8221;&#8221;] De l&#8217;autre c\u00f4t\u00e9 du miroir&#8230; [\/ezcol_1fifth] [ezcol_1fifth id=&#8221;&#8221; class=&#8221;&#8221; style=&#8221;&#8221;] Animal&#8217;s [\/ezcol_1fifth] [ezcol_1fifth id=&#8221;&#8221; class=&#8221;&#8221; style=&#8221;&#8221;] Min\u00e9ral [\/ezcol_1fifth] [ezcol_1fifth id=&#8221;&#8221; class=&#8221;&#8221; style=&#8221;&#8221;] Industr&#8217;Art [\/ezcol_1fifth] [ezcol_1fifth_end id=&#8221;&#8221; class=&#8221;&#8221; style=&#8221;&#8221;] Feng Shui [\/ezcol_1fifth_end] [ezcol_1half id=&#8221;&#8221; class=&#8221;&#8221; style=&#8221;&#8221;&nbsp;style=&#8221;font-size: 20px; text-align: center;&#8221;]L&#8217;exposition[\/ezcol_1half] [ezcol_1half_end id=&#8221;&#8221; class=&#8221;&#8221; style=&#8221;font-size: 20px; text-align: center;&#8221;]Le site du &hellip; <a href=\"https:\/\/sublimatio.com\/fineart\/themes\/\" class=\"more-link\">Continuer la lecture de <span class=\"screen-reader-text\">Th\u00e8mes<\/span> <span class=\"meta-nav\">&rarr;<\/span><\/a><\/p>\n","protected":false},"author":2,"featured_media":0,"parent":0,"menu_order":2,"comment_status":"closed","ping_status":"closed","template":"","meta":{"footnotes":""},"class_list":["post-80","page","type-page","status-publish","hentry"],"_links":{"self":[{"href":"https:\/\/sublimatio.com\/fineart\/wp-json\/wp\/v2\/pages\/80","targetHints":{"allow":["GET"]}}],"collection":[{"href":"https:\/\/sublimatio.com\/fineart\/wp-json\/wp\/v2\/pages"}],"about":[{"href":"https:\/\/sublimatio.com\/fineart\/wp-json\/wp\/v2\/types\/page"}],"author":[{"embeddable":true,"href":"https:\/\/sublimatio.com\/fineart\/wp-json\/wp\/v2\/users\/2"}],"replies":[{"embeddable":true,"href":"https:\/\/sublimatio.com\/fineart\/wp-json\/wp\/v2\/comments?post=80"}],"version-history":[{"count":9,"href":"https:\/\/sublimatio.com\/fineart\/wp-json\/wp\/v2\/pages\/80\/revisions"}],"predecessor-version":[{"id":520,"href":"https:\/\/sublimatio.com\/fineart\/wp-json\/wp\/v2\/pages\/80\/revisions\/520"}],"wp:attachment":[{"href":"https:\/\/sublimatio.com\/fineart\/wp-json\/wp\/v2\/media?parent=80"}],"curies":[{"name":"wp","href":"https:\/\/api.w.org\/{rel}","templated":true}]}}