{"id":81,"date":"2013-11-07T14:46:10","date_gmt":"2013-11-07T13:46:10","guid":{"rendered":"http:\/\/sublimatio.com\/fineart\/?page_id=81"},"modified":"2019-08-01T16:36:05","modified_gmt":"2019-08-01T15:36:05","slug":"expositions","status":"publish","type":"page","link":"https:\/\/sublimatio.com\/fineart\/expositions\/","title":{"rendered":"VegSub-exposition"},"content":{"rendered":"<p style=\"text-align: center; font-size: 10px;\">&nbsp;<\/p>\n<p style=\"text-align: center;\"><span style=\"color: #808080;\"><a href=\"http:\/\/levegetalsublime.com\/\" target=\"_blank\" rel=\"noopener noreferrer\"><img loading=\"lazy\" decoding=\"async\" class=\"aligncenter wp-image-452 size-medium\" src=\"http:\/\/sublimatio.com\/fineart\/wp-content\/uploads\/2013\/11\/VEG_SUB-LOGO2-sRVB-300x77.jpg\" width=\"300\" height=\"77\"><\/a>Plus de 140&nbsp;\u0153uvres grand format, Digi-Graphies\u00ae format 100 x 100&nbsp;cm ou 100 x 150&nbsp;cm,- sur papier art graphique.<\/span><\/p>\n<p style=\"text-align: center; font-size: 10px;\"><a href=\"http:\/\/levegetalsublime.com\/\" target=\"_blank\" rel=\"noopener noreferrer\"><img loading=\"lazy\" decoding=\"async\" class=\"aligncenter size-full wp-image-527\" src=\"http:\/\/sublimatio.com\/fineart\/wp-content\/uploads\/2013\/11\/2012-01-27-VegSub_HJBL-Expo_serie4-1.jpg\" alt=\"\" width=\"1600\" height=\"378\" srcset=\"https:\/\/sublimatio.com\/fineart\/wp-content\/uploads\/2013\/11\/2012-01-27-VegSub_HJBL-Expo_serie4-1.jpg 1600w, https:\/\/sublimatio.com\/fineart\/wp-content\/uploads\/2013\/11\/2012-01-27-VegSub_HJBL-Expo_serie4-1-300x71.jpg 300w, https:\/\/sublimatio.com\/fineart\/wp-content\/uploads\/2013\/11\/2012-01-27-VegSub_HJBL-Expo_serie4-1-768x181.jpg 768w, https:\/\/sublimatio.com\/fineart\/wp-content\/uploads\/2013\/11\/2012-01-27-VegSub_HJBL-Expo_serie4-1-1024x242.jpg 1024w\" sizes=\"auto, (max-width: 1600px) 100vw, 1600px\" \/><\/a><br \/>\n[ezcol_1half id=&#8221;&#8221; class=&#8221;&#8221; style=&#8221;&#8221;]<\/p>\n<p><span style=\"font-size: 14px; line-height: 1.5;\">\u00ab&nbsp;Le V\u00e9g\u00e9tal Sublim\u00e9&nbsp;\u00bb, l\u2019exposition, comprend actuellement plus de&nbsp;140 \u0153uvres grand format, compl\u00e9t\u00e9e par les recherches permanentes de l\u2019auteur. La premi\u00e8re \u00e9dition a accueilli plus de 26000 visiteurs du 20 octobre 2011 au 29 janvier 2012.<br \/>\nElle b\u00e9n\u00e9ficie de supports de communication simples, de qualit\u00e9, p\u00e9rennes et valorisants\u2009: livre (\u00e9dition \u00e0 personnaliser), affiches, cartes postales, signets, timbres\u2026<\/span><\/p>\n<p><span style=\"font-size: 14px; line-height: 1.5;\">Cette exposition f\u00e9d\u00e9ratrice et porteuse de sens autant que d\u2019esth\u00e9tique demeure \u00e0 la disposition d\u2019organisateurs<\/span><\/p>\n<p style=\"text-align: center; font-size: 10px;\">[\/ezcol_1half] [ezcol_1half_end id=&#8221;&#8221; class=&#8221;&#8221; style=&#8221;&#8221;]<\/p>\n<p><span style=\"font-size: 14px; line-height: 1.5;\">institutionnels ou d\u2019entreprises. Elle peut servir de support \u00e0 des animations sur diff\u00e9rents th\u00e8mes comme la botanique, la bio-diversit\u00e9, la litt\u00e9rature et la photographie (stage possible dans l\u2019exposition) ou accompagner des \u00e9v\u00e9nements : inaugurations, conf\u00e9rences, actions autour de la RSE, du d\u00e9veloppement durable.<\/span><\/p>\n<p><span style=\"font-size: 14px; line-height: 1.5;\">Ces actions culturelles entrent dans le cadre des dispositions sur le m\u00e9c\u00e9nat d\u2019entreprise.<\/span><\/p>\n<p><a title=\"VegSub-expo-fiche-technique\" href=\"http:\/\/sublimatio.com\/fineart\/vegsub_expo_fiche_technique\/\"><span style=\"text-decoration: underline;\"><em><span style=\"color: #3366ff; text-decoration: underline;\"><span style=\"font-size: 14px; line-height: 1.5;\">Plus d&#8217;informations<\/span><\/span><\/em><\/span><\/a><br \/>\n<span style=\"font-size: 10px; line-height: 1.5;\">[\/ezcol_1half_end][ezcol_1half id=&#8221;&#8221; class=&#8221;&#8221; style=&#8221;&#8221;]<br \/>\n<\/span><\/p>\n<p style=\"text-align: center;\"><span style=\"color: #808080;\">Stage autour de la lumi\u00e8re de studio<br \/>\n<\/span><img loading=\"lazy\" decoding=\"async\" class=\"size-medium wp-image-457 aligncenter\" src=\"http:\/\/sublimatio.com\/fineart\/wp-content\/uploads\/2013\/11\/Expo-VEGSUB-HJBL-0213-900px-300x155.jpg\" alt=\"\" width=\"300\" height=\"155\" srcset=\"https:\/\/sublimatio.com\/fineart\/wp-content\/uploads\/2013\/11\/Expo-VEGSUB-HJBL-0213-900px-300x155.jpg 300w, https:\/\/sublimatio.com\/fineart\/wp-content\/uploads\/2013\/11\/Expo-VEGSUB-HJBL-0213-900px-768x398.jpg 768w, https:\/\/sublimatio.com\/fineart\/wp-content\/uploads\/2013\/11\/Expo-VEGSUB-HJBL-0213-900px.jpg 900w\" sizes=\"auto, (max-width: 300px) 100vw, 300px\" \/><\/p>\n<p style=\"font-size: 10px;\">[\/ezcol_1half] [ezcol_1half_end id=&#8221;&#8221; class=&#8221;&#8221; style=&#8221;&#8221;]<\/p>\n<p style=\"text-align: center;\"><span style=\"color: #808080;\">Atelier du photographe pend<span style=\"color: #333333;\">an<\/span>t toute la dur\u00e9e de l\u2019exposition<\/span><img loading=\"lazy\" decoding=\"async\" class=\"size-medium wp-image-458 aligncenter\" src=\"http:\/\/sublimatio.com\/fineart\/wp-content\/uploads\/2013\/11\/VEGETALSUBLIME-9-300x155.jpg\" alt=\"\" width=\"300\" height=\"155\" srcset=\"https:\/\/sublimatio.com\/fineart\/wp-content\/uploads\/2013\/11\/VEGETALSUBLIME-9-300x155.jpg 300w, https:\/\/sublimatio.com\/fineart\/wp-content\/uploads\/2013\/11\/VEGETALSUBLIME-9-768x397.jpg 768w, https:\/\/sublimatio.com\/fineart\/wp-content\/uploads\/2013\/11\/VEGETALSUBLIME-9-1024x529.jpg 1024w\" sizes=\"auto, (max-width: 300px) 100vw, 300px\" \/><\/p>\n<p style=\"text-align: center; font-size: 10px;\">[\/ezcol_1half_end]<\/p>\n","protected":false},"excerpt":{"rendered":"<p>&nbsp; Plus de 140&nbsp;\u0153uvres grand format, Digi-Graphies\u00ae format 100 x 100&nbsp;cm ou 100 x 150&nbsp;cm,- sur papier art graphique. [ezcol_1half id=&#8221;&#8221; class=&#8221;&#8221; style=&#8221;&#8221;] \u00ab&nbsp;Le V\u00e9g\u00e9tal Sublim\u00e9&nbsp;\u00bb, l\u2019exposition, comprend actuellement plus de&nbsp;140 \u0153uvres grand format, compl\u00e9t\u00e9e par les recherches permanentes de l\u2019auteur. La premi\u00e8re \u00e9dition a accueilli plus de 26000 visiteurs du 20 octobre 2011 au &hellip; <a href=\"https:\/\/sublimatio.com\/fineart\/expositions\/\" class=\"more-link\">Continuer la lecture de <span class=\"screen-reader-text\">VegSub-exposition<\/span> <span class=\"meta-nav\">&rarr;<\/span><\/a><\/p>\n","protected":false},"author":2,"featured_media":0,"parent":0,"menu_order":3,"comment_status":"closed","ping_status":"closed","template":"","meta":{"footnotes":""},"class_list":["post-81","page","type-page","status-publish","hentry"],"_links":{"self":[{"href":"https:\/\/sublimatio.com\/fineart\/wp-json\/wp\/v2\/pages\/81","targetHints":{"allow":["GET"]}}],"collection":[{"href":"https:\/\/sublimatio.com\/fineart\/wp-json\/wp\/v2\/pages"}],"about":[{"href":"https:\/\/sublimatio.com\/fineart\/wp-json\/wp\/v2\/types\/page"}],"author":[{"embeddable":true,"href":"https:\/\/sublimatio.com\/fineart\/wp-json\/wp\/v2\/users\/2"}],"replies":[{"embeddable":true,"href":"https:\/\/sublimatio.com\/fineart\/wp-json\/wp\/v2\/comments?post=81"}],"version-history":[{"count":20,"href":"https:\/\/sublimatio.com\/fineart\/wp-json\/wp\/v2\/pages\/81\/revisions"}],"predecessor-version":[{"id":600,"href":"https:\/\/sublimatio.com\/fineart\/wp-json\/wp\/v2\/pages\/81\/revisions\/600"}],"wp:attachment":[{"href":"https:\/\/sublimatio.com\/fineart\/wp-json\/wp\/v2\/media?parent=81"}],"curies":[{"name":"wp","href":"https:\/\/api.w.org\/{rel}","templated":true}]}}