{"id":82,"date":"2013-11-07T14:45:14","date_gmt":"2013-11-07T13:45:14","guid":{"rendered":"http:\/\/sublimatio.com\/fineart\/?page_id=82"},"modified":"2019-08-01T16:36:41","modified_gmt":"2019-08-01T15:36:41","slug":"editions-tirages","status":"publish","type":"page","link":"https:\/\/sublimatio.com\/fineart\/editions-tirages\/","title":{"rendered":"Edition-fr"},"content":{"rendered":"<p style=\"text-align: left;\">[ezcol_1third id=&#8221;&#8221; class=&#8221;&#8221; style=&#8221;&#8221;]<\/p>\n<p style=\"text-align: center;\"><a title=\"Livre\" href=\"http:\/\/sublimatio.com\/fineart\/livre\/\">LIVRE<\/a><\/p>\n<p style=\"text-align: center;\"><a title=\"Livre\" href=\"http:\/\/sublimatio.com\/fineart\/livre\/\"><img loading=\"lazy\" decoding=\"async\" class=\"wp-image-884 aligncenter\" alt=\"Couverture Livre &quot;Le V\u00e9g\u00e9tal Sublim\u00e9&quot;\" src=\"http:\/\/www.sublimatio.com\/wp\/wp-content\/uploads\/2013-03-27_H-Cover-900px1-300x300.jpg\" width=\"240\" height=\"240\" \/><\/a><\/p>\n<p style=\"text-align: left;\">[\/ezcol_1third] [ezcol_1third id=&#8221;&#8221; class=&#8221;&#8221; style=&#8221;&#8221;]<\/p>\n<p style=\"text-align: center;\"><a title=\"Carterie\" href=\"http:\/\/sublimatio.com\/fineart\/carterie\/\"><span style=\"line-height: 1.5;\">CARTES &#8211; AFFICHES<\/span><\/a><\/p>\n<p style=\"text-align: center;\"><a title=\"Carterie\" href=\"http:\/\/sublimatio.com\/fineart\/carterie\/\"><img loading=\"lazy\" decoding=\"async\" class=\"aligncenter size-medium wp-image-161\" alt=\"Bendle-Rose Blanche1-7458\" src=\"http:\/\/sublimatio.com\/fineart\/wp-content\/uploads\/2013\/11\/Bendle-Rose-Blanche1-7458-295x300.jpg\" width=\"295\" height=\"300\" srcset=\"https:\/\/sublimatio.com\/fineart\/wp-content\/uploads\/2013\/11\/Bendle-Rose-Blanche1-7458-295x300.jpg 295w, https:\/\/sublimatio.com\/fineart\/wp-content\/uploads\/2013\/11\/Bendle-Rose-Blanche1-7458.jpg 595w\" sizes=\"auto, (max-width: 295px) 100vw, 295px\" \/><\/a>Cartes 2 volets, Simples et signets.<\/p>\n<p style=\"text-align: left;\">[\/ezcol_1third] [ezcol_1third_end id=&#8221;&#8221; class=&#8221;&#8221; style=&#8221;&#8221;]<\/p>\n<p style=\"text-align: center;\"><a title=\"Tirages Fine Art\" href=\"http:\/\/sublimatio.com\/fineart\/tirages-fine-art\/\">TIRAGES FINE ART<\/a><\/p>\n<p style=\"text-align: center;\"><a title=\"Tirages Fine Art\" href=\"http:\/\/sublimatio.com\/fineart\/tirages-fine-art\/\"><img loading=\"lazy\" decoding=\"async\" class=\"aligncenter size-medium wp-image-193\" alt=\"Cimaises mur blanc-7359\" src=\"http:\/\/sublimatio.com\/fineart\/wp-content\/uploads\/2013\/11\/Cimaises-mur-blanc-7359-300x286.jpg\" width=\"300\" height=\"286\" srcset=\"https:\/\/sublimatio.com\/fineart\/wp-content\/uploads\/2013\/11\/Cimaises-mur-blanc-7359-300x286.jpg 300w, https:\/\/sublimatio.com\/fineart\/wp-content\/uploads\/2013\/11\/Cimaises-mur-blanc-7359.jpg 900w\" sizes=\"auto, (max-width: 300px) 100vw, 300px\" \/><\/a><\/p>\n<p style=\"text-align: left;\">[\/ezcol_1third_end]<\/p>\n<p style=\"font-size: 18px; text-align: center;\"><strong>TIRAGE FINE ART<\/strong><br \/>\n<span style=\"line-height: 1.5;\">[ezcol_1third id=&#8221;&#8221; class=&#8221;&#8221; style=&#8221;&#8221;]<\/span><\/p>\n<ul>\n<li><strong>Tirages certifi\u00e9s, \u00e9dition limit\u00e9e :\u00a0<\/strong><\/li>\n<\/ul>\n<p>Toutes les images de Sublimatio Fine Art sont tir\u00e9es \u00e0 la demande, \u00e0 un maximum de sept exemplaires, dat\u00e9s, num\u00e9rot\u00e9s et sign\u00e9s par l\u2019artiste.<br \/>\nUn certificat d\u2019authenticit\u00e9\u00a0identifie chaque tirage gr\u00e2ce \u00e0 un hologramme ind\u00e9collable portant un num\u00e9ro unique r\u00e9f\u00e9renc\u00e9.<br \/>\nTrois exemplaires, dits &#8220;Epreuves d\u2019Artistes&#8221;, peuvent \u00eatre tir\u00e9s \u00e0 part pour constituer les expositions et la r\u00e9f\u00e9rence pour les tirages.<br \/>\n[\/ezcol_1third] [ezcol_1third id=&#8221;&#8221; class=&#8221;&#8221; style=&#8221;&#8221;]<\/p>\n<ul>\n<li><strong>Support :<\/strong><\/li>\n<\/ul>\n<p>Les tirages Fine Art sont r\u00e9alis\u00e9s sur des papiers art-graphique, papier coton sans acide, avec des encres pigmentaires selon le proc\u00e9d\u00e9 de la Digigraphie\u00ae.<br \/>\nCette technologie permet de garantir l\u2019\u00e9motion picturale d\u2019une \u00e9preuve \u00e0 l\u2019autre, ainsi qu&#8217;une p\u00e9rennit\u00e9 d&#8217;un si\u00e8cle dans des conditions d\u2019exposition normalis\u00e9es.<br \/>\nSur demande, d&#8217;autres supports \u00e9ligibles \u00e0 l\u2019art graphique\u00a0; comme le Diasec\u00ae ou l&#8217;aluminium -selon certains proc\u00e9d\u00e9s-, peuvent \u00eatre utilis\u00e9s.<br \/>\n[\/ezcol_1third] [ezcol_1third_end id=&#8221;&#8221; class=&#8221;&#8221; style=&#8221;&#8221;]<\/p>\n<ul>\n<li><strong>Format :<\/strong><\/li>\n<\/ul>\n<p><strong><\/strong>Le grand format fait partie du concept ; il est le meilleur moyen de vous faire partager l\u2019\u00e9motion ressentie \u00e0 la prise de vue.<br \/>\nLes images sont disponibles en trois formats :<br \/>\n<strong>2A0 \u00a0 \u00a0 \u00a0\u00a0<\/strong>+-150x100cm ou 100x100cm,<br \/>\n<strong>A0<\/strong>\u00a0 \u00a0 \u00a0 \u00a0 \u00a0 \u00a0+- 80x100cm ou 80x80cm,<br \/>\n<strong>A2<\/strong>\u00a0 \u00a0 \u00a0 \u00a0 \u00a0 \u00a0 \u00a0 \u00a0 \u00a042x60cm.<br \/>\nDe l\u00e9g\u00e8res adaptations de format sont possibles.<br \/>\n[\/ezcol_1third_end]<\/p>\n<p style=\"font-size: 18px; text-align: center;\"><strong>LIVRE<\/strong><\/p>\n<h5>Le V\u00e9g\u00e9tal Sublim\u00e9 ,<br \/>\nHommage au Jardin botanique de Lyon<\/h5>\n<p>[ezcol_2third id=&#8221;&#8221; class=&#8221;&#8221; style=&#8221;&#8221;]<\/p>\n<p>Ce livre reprend le travail r\u00e9alis\u00e9 par l\u2019artiste\u00a0en r\u00e9sidence au Jardin botanique de Lyon durant l\u2019ann\u00e9e 2011. Lors de l\u2019exposition\u00a0du 18\u00a0octobre 2011 au 30\u00a0janvier 2012, ses \u0153uvres ont \u00e9t\u00e9 d\u00e9couvertes par\u00a0plus de 26\u2009000 visiteurs, 10 d\u2019entre elles ont \u00e9t\u00e9 choisies pour\u00a0entrer dans les collections de la ville.<\/p>\n<p><span style=\"line-height: 1.5;\">Sa vision du v\u00e9g\u00e9tal, d\u00e9lib\u00e9r\u00e9ment esth\u00e9tique, permet \u00e0 l\u2019artiste de cr\u00e9er des images puissantes captant l\u2019attention, partant d\u2019une r\u00e9alit\u00e9 pour vous amener aux rives de l\u2019abstraction. Ce voyage au c\u0153ur de l\u2019instant critique qu\u2019est la floraison, moment o\u00f9\u00a0toute l\u2019\u00e9nergie du v\u00e9g\u00e9tal arrive \u00e0 son paroxysme dans l\u2019espoir de p\u00e9rennit\u00e9,\u00a0fait \u00e9merger des liens \u00e9tonnants entre la botanique, l\u2019art contemporain et la culture.<\/span><\/p>\n<p><span style=\"line-height: 1.5;\">Ce livre est la suite logique de l\u2019exposition, il permet de p\u00e9renniser\u00a0le travail accompli. Il respecte en tout point son esprit de et cherche\u00a0\u00e0 rendre l\u2019\u00e9motion du grand format. Un fond blanc, des images\u00a0\u00e0 fond perdu ou avec de discrets coins photos, des l\u00e9gendes extraites\u00a0de notre imaginaire ou \u00e9pur\u00e9es laissent le lecteur \u00e0 sa contemplation et\u00a0\u00e0 sa m\u00e9ditation. \u00c0 chacun de s\u2019y retrouver\u2026<\/span><\/p>\n<p style=\"text-align: center;\">[\/ezcol_2third] [ezcol_1third_end id=&#8221;&#8221; class=&#8221;&#8221; style=&#8221;&#8221;]<img loading=\"lazy\" decoding=\"async\" class=\"aligncenter\" alt=\"Couverture Livre &quot;Le V\u00e9g\u00e9tal Sublim\u00e9&quot;\" src=\"http:\/\/www.sublimatio.com\/wp\/wp-content\/uploads\/2013-03-27_H-Cover-900px-300x300.jpg\" width=\"216\" height=\"216\" \/><\/p>\n<p><span style=\"line-height: 1.5;\">\u2022 format 23 x 27 cm.<br \/>\n<\/span><span style=\"line-height: 1.5;\">\u2022 104 pages quadri.<br \/>\n<\/span><span style=\"line-height: 1.5;\">\u2022 pr\u00e9-commandes \u00e0 prix pr\u00e9f\u00e9rentiel.<br \/>\n<\/span><span style=\"line-height: 1.5;\">\u00a0 Ouverture de la souscription prochainement.<br \/>\n<\/span>\u2022 d\u00e9p\u00f4t SGDL n\u00b0\u00a021298.<br \/>\n\u2022 ISBN n\u00b0 978-2-9547884-0-1<\/p>\n<p>&nbsp;<\/p>\n<p>[\/ezcol_1third_end]<\/p>\n<p>[ezcol_1half id=&#8221;&#8221; class=&#8221;&#8221; style=&#8221;&#8221;]<\/p>\n<p><img loading=\"lazy\" decoding=\"async\" class=\"aligncenter size-full wp-image-912\" alt=\"2013-03-27_H-pages8et9\" src=\"http:\/\/www.sublimatio.com\/wp\/wp-content\/uploads\/2013-03-27_H-pages8et9.jpg\" width=\"899\" height=\"429\" \/> <img loading=\"lazy\" decoding=\"async\" class=\"aligncenter size-full wp-image-916\" alt=\"2013-03-27_H-pages54et55\" src=\"http:\/\/www.sublimatio.com\/wp\/wp-content\/uploads\/2013-03-27_H-pages54et55.jpg\" width=\"900\" height=\"426\" \/><img loading=\"lazy\" decoding=\"async\" class=\"aligncenter size-full wp-image-914\" alt=\"2013-03-27_H-pages28et29\" src=\"http:\/\/www.sublimatio.com\/wp\/wp-content\/uploads\/2013-03-27_H-pages28et29.jpg\" width=\"900\" height=\"458\" \/>[\/ezcol_1half] [ezcol_1half_end id=&#8221;&#8221; class=&#8221;&#8221; style=&#8221;&#8221;]<br \/>\n<img loading=\"lazy\" decoding=\"async\" alt=\"2013-03-27_H-pages18et19\" src=\"http:\/\/www.sublimatio.com\/wp\/wp-content\/uploads\/2013-03-27_H-pages18et19.jpg\" width=\"900\" height=\"457\" \/><br \/>\n<img loading=\"lazy\" decoding=\"async\" class=\"aligncenter size-full wp-image-917\" alt=\"2013-03-27_H-pages88et89\" src=\"http:\/\/www.sublimatio.com\/wp\/wp-content\/uploads\/2013-03-27_H-pages88et89.jpg\" width=\"900\" height=\"500\" \/> <img loading=\"lazy\" decoding=\"async\" class=\"aligncenter size-full wp-image-915\" alt=\"2013-03-27_H-pages50et51\" src=\"http:\/\/www.sublimatio.com\/wp\/wp-content\/uploads\/2013-03-27_H-pages50et51.jpg\" width=\"900\" height=\"425\" \/> [\/ezcol_1half_end]<\/p>\n<p style=\"text-align: center;\"><strong>CARTES &#8211; AFFICHES<\/strong><\/p>\n<p>[ezcol_1quarter]<\/p>\n<p>Cartes 2 volets<img loading=\"lazy\" decoding=\"async\" alt=\"Ronsard\" src=\"http:\/\/sublimatio.com\/fineart\/wp-content\/uploads\/2013\/11\/Carte-double-Ronsard-0018.jpg\" width=\"900\" height=\"900\" \/>[\/ezcol_1quarter] [ezcol_1quarter]<\/p>\n<p>Cartes Simples<img loading=\"lazy\" decoding=\"async\" alt=\"Eventail cartes simples\" src=\"http:\/\/sublimatio.com\/fineart\/wp-content\/uploads\/2013\/11\/Eventail-cartes-simples.jpg\" width=\"709\" height=\"709\" \/><\/p>\n<p>[\/ezcol_1quarter] [ezcol_1quarter]<\/p>\n<p>Signets<img loading=\"lazy\" decoding=\"async\" alt=\"Signets eventail\" src=\"http:\/\/sublimatio.com\/fineart\/wp-content\/uploads\/2013\/11\/Signets-eventail.jpg\" width=\"709\" height=\"709\" \/><br \/>\n[\/ezcol_1quarter] [ezcol_1quarter_end]<\/p>\n<p>Lot : 1 carte 2 volets + 1 carte simple + 1 signet<img loading=\"lazy\" decoding=\"async\" alt=\"Bendle-Gerbera-7447\" src=\"http:\/\/sublimatio.com\/fineart\/wp-content\/uploads\/2013\/11\/Bendle-Gerbera-7447-295x300.jpg\" width=\"295\" height=\"300\" \/>[\/ezcol_1quarter_end]<\/p>\n","protected":false},"excerpt":{"rendered":"<p>[ezcol_1third id=&#8221;&#8221; class=&#8221;&#8221; style=&#8221;&#8221;] LIVRE [\/ezcol_1third] [ezcol_1third id=&#8221;&#8221; class=&#8221;&#8221; style=&#8221;&#8221;] CARTES &#8211; AFFICHES Cartes 2 volets, Simples et signets. [\/ezcol_1third] [ezcol_1third_end id=&#8221;&#8221; class=&#8221;&#8221; style=&#8221;&#8221;] TIRAGES FINE ART [\/ezcol_1third_end] TIRAGE FINE ART [ezcol_1third id=&#8221;&#8221; class=&#8221;&#8221; style=&#8221;&#8221;] Tirages certifi\u00e9s, \u00e9dition limit\u00e9e :\u00a0 Toutes les images de Sublimatio Fine Art sont tir\u00e9es \u00e0 la demande, \u00e0 un maximum &hellip; <a href=\"https:\/\/sublimatio.com\/fineart\/editions-tirages\/\" class=\"more-link\">Continuer la lecture de <span class=\"screen-reader-text\">Edition-fr<\/span> <span class=\"meta-nav\">&rarr;<\/span><\/a><\/p>\n","protected":false},"author":2,"featured_media":0,"parent":0,"menu_order":4,"comment_status":"closed","ping_status":"closed","template":"","meta":{"footnotes":""},"class_list":["post-82","page","type-page","status-publish","hentry"],"_links":{"self":[{"href":"https:\/\/sublimatio.com\/fineart\/wp-json\/wp\/v2\/pages\/82","targetHints":{"allow":["GET"]}}],"collection":[{"href":"https:\/\/sublimatio.com\/fineart\/wp-json\/wp\/v2\/pages"}],"about":[{"href":"https:\/\/sublimatio.com\/fineart\/wp-json\/wp\/v2\/types\/page"}],"author":[{"embeddable":true,"href":"https:\/\/sublimatio.com\/fineart\/wp-json\/wp\/v2\/users\/2"}],"replies":[{"embeddable":true,"href":"https:\/\/sublimatio.com\/fineart\/wp-json\/wp\/v2\/comments?post=82"}],"version-history":[{"count":14,"href":"https:\/\/sublimatio.com\/fineart\/wp-json\/wp\/v2\/pages\/82\/revisions"}],"predecessor-version":[{"id":331,"href":"https:\/\/sublimatio.com\/fineart\/wp-json\/wp\/v2\/pages\/82\/revisions\/331"}],"wp:attachment":[{"href":"https:\/\/sublimatio.com\/fineart\/wp-json\/wp\/v2\/media?parent=82"}],"curies":[{"name":"wp","href":"https:\/\/api.w.org\/{rel}","templated":true}]}}