{"id":94,"date":"2013-11-07T16:40:31","date_gmt":"2013-11-07T15:40:31","guid":{"rendered":"http:\/\/sublimatio.com\/fineart\/?page_id=94"},"modified":"2014-03-26T09:33:35","modified_gmt":"2014-03-26T08:33:35","slug":"vegsub_expo_fiche_technique","status":"publish","type":"page","link":"https:\/\/sublimatio.com\/fineart\/vegsub_expo_fiche_technique\/","title":{"rendered":"VegSub-expo-fiche-technique"},"content":{"rendered":"<p style=\"text-align: center;\"><strong>Expositions th\u00e9matiques :<\/strong><br \/>\nPossibilit\u00e9 d\u2019exposition sur des th\u00e8mes transversaux.<\/p>\n<p style=\"text-align: center;\"><em>Toutes les \u0153uvres.\u00a0 \u00a0 \u00a0 Galerie des origines. \u00a0 \u00a0 Galerie de la r\u00e9volution.\u00a0 \u00a0 \u00a0 Galerie des A\u2019Crocs&#8230;. \u00a0 \u00a0 Gen\u00e8se.<\/em><\/p>\n<p style=\"text-align: center;\"><strong>Fiche techniqu<\/strong><strong>e<\/strong><\/p>\n<p>[ezcol_1half id=&#8221;&#8221; class=&#8221;&#8221; style=&#8221;&#8221;]<\/p>\n<p><strong>Date de la 1\u00b0 \u00e9dition :<\/strong> 2011-2012.<br \/>\nTravail en cours sur 10 ann\u00e9es.\u00a0La cr\u00e9ation se poursuit et alimente le fonds d\u2019images.<br \/>\n<strong>Mode de r\u00e9alisation :\u00a0<\/strong>Exposition seule ou R\u00e9sidence d\u2019artiste + exposition<\/p>\n<p><strong>Production :<\/strong> Nicolas Roux Dit Buisson<\/p>\n<p><strong>Animations possibles :<br \/>\n<\/strong>\u2022 Soir\u00e9es partenaires.<br \/>\n\u2022 Conf\u00e9rences autour des th\u00e8mes abord\u00e9s par l\u2019artiste et\u00a0<span style=\"line-height: 1.5;\">les diff\u00e9rentes disciplines universitaires.<br \/>\n<\/span>\u2022 Visites comment\u00e9es et parcours-d\u00e9couvertes en lien avec les \u0153uvres.<br \/>\n\u2022 Stages de photographie.<br \/>\n\u2022 Ouverture aux autres disciplines artistiques : peinture, dessin &#8230;<br \/>\n\u2022 Ateliers et rencontres<br \/>\n<strong>Accompagnement :<\/strong> Livres, Cartes, affiches<\/p>\n<p>[\/ezcol_1half] [ezcol_1half_end id=&#8221;&#8221; class=&#8221;&#8221; style=&#8221;&#8221;]<\/p>\n<p><strong>Mat\u00e9riel :<\/strong>\u00a0 + de 83 \u00a0images<\/p>\n<p>Edition limit\u00e9e, Tirages Fine Art num\u00e9rot\u00e9es sign\u00e9es. Digi-Graphie.<br \/>\nExiste en 100x150cm ou \u00e0 la demande dans des formats et<br \/>\nsupports variables de 40&#215;60 \u00e0 100&#215;150 cm.<br \/>\nEncadrement, caisses lyonnaises pour les grands formats.<br \/>\n<strong><span style=\"line-height: 1.5;\">Condition de pr\u00e9sentation :<br \/>\n<\/span><\/strong>L\u2019exposition n\u00e9cessite un espace appropri\u00e9 \u00e0 sa pr\u00e9sentation.<br \/>\nLin\u00e9aire selon le choix de taille et la quantit\u00e9 d\u2019\u0153uvres,<br \/>\nAccrochage en suspension possible.<br \/>\n<strong>Communication :<br \/>\n<\/strong>5 visuels exclusivement r\u00e9serv\u00e9s pour les supports de\u00a0<span style=\"line-height: 1.5;\">communication.<br \/>\n<\/span><strong>Frais :<br \/>\n<\/strong>Co\u00fbt de location et transport sur devis selon le nombre d&#8217;images, de la dur\u00e9e et des animations.<\/p>\n<p>[\/ezcol_1half_end]<\/p>\n","protected":false},"excerpt":{"rendered":"<p>Expositions th\u00e9matiques : Possibilit\u00e9 d\u2019exposition sur des th\u00e8mes transversaux. Toutes les \u0153uvres.\u00a0 \u00a0 \u00a0 Galerie des origines. \u00a0 \u00a0 Galerie de la r\u00e9volution.\u00a0 \u00a0 \u00a0 Galerie des A\u2019Crocs&#8230;. \u00a0 \u00a0 Gen\u00e8se. Fiche technique [ezcol_1half id=&#8221;&#8221; class=&#8221;&#8221; style=&#8221;&#8221;] Date de la 1\u00b0 \u00e9dition : 2011-2012. Travail en cours sur 10 ann\u00e9es.\u00a0La cr\u00e9ation se poursuit et alimente &hellip; <a href=\"https:\/\/sublimatio.com\/fineart\/vegsub_expo_fiche_technique\/\" class=\"more-link\">Continuer la lecture de <span class=\"screen-reader-text\">VegSub-expo-fiche-technique<\/span> <span class=\"meta-nav\">&rarr;<\/span><\/a><\/p>\n","protected":false},"author":2,"featured_media":0,"parent":0,"menu_order":0,"comment_status":"closed","ping_status":"closed","template":"","meta":{"footnotes":""},"class_list":["post-94","page","type-page","status-publish","hentry"],"_links":{"self":[{"href":"https:\/\/sublimatio.com\/fineart\/wp-json\/wp\/v2\/pages\/94","targetHints":{"allow":["GET"]}}],"collection":[{"href":"https:\/\/sublimatio.com\/fineart\/wp-json\/wp\/v2\/pages"}],"about":[{"href":"https:\/\/sublimatio.com\/fineart\/wp-json\/wp\/v2\/types\/page"}],"author":[{"embeddable":true,"href":"https:\/\/sublimatio.com\/fineart\/wp-json\/wp\/v2\/users\/2"}],"replies":[{"embeddable":true,"href":"https:\/\/sublimatio.com\/fineart\/wp-json\/wp\/v2\/comments?post=94"}],"version-history":[{"count":4,"href":"https:\/\/sublimatio.com\/fineart\/wp-json\/wp\/v2\/pages\/94\/revisions"}],"predecessor-version":[{"id":385,"href":"https:\/\/sublimatio.com\/fineart\/wp-json\/wp\/v2\/pages\/94\/revisions\/385"}],"wp:attachment":[{"href":"https:\/\/sublimatio.com\/fineart\/wp-json\/wp\/v2\/media?parent=94"}],"curies":[{"name":"wp","href":"https:\/\/api.w.org\/{rel}","templated":true}]}}