{"id":871,"date":"2019-08-02T14:27:38","date_gmt":"2019-08-02T13:27:38","guid":{"rendered":"https:\/\/sublimatio.com\/portail\/?page_id=871"},"modified":"2019-08-02T14:31:07","modified_gmt":"2019-08-02T13:31:07","slug":"bio","status":"publish","type":"page","link":"https:\/\/sublimatio.com\/portail\/bio\/","title":{"rendered":"Bio"},"content":{"rendered":"<div id=\"pl-871\"  class=\"panel-layout\" ><div id=\"pg-871-0\"  class=\"panel-grid panel-no-style\" ><div id=\"pgc-871-0-0\"  class=\"panel-grid-cell\" ><div id=\"panel-871-0-0-0\" class=\"so-panel widget widget_sow-editor panel-first-child panel-last-child\" data-index=\"0\" ><div\n\t\t\t\n\t\t\tclass=\"so-widget-sow-editor so-widget-sow-editor-base\"\n\t\t\t\n\t\t>\n<div class=\"siteorigin-widget-tinymce textwidget\">\n\t<p><img loading=\"lazy\" decoding=\"async\" class=\"aligncenter wp-image-779 size-full\" src=\"https:\/\/sublimatio.com\/portail\/wp-content\/uploads\/NRDB-9444-360x400.jpg\" alt=\"\" width=\"786\" height=\"875\" srcset=\"https:\/\/sublimatio.com\/portail\/wp-content\/uploads\/NRDB-9444-360x400.jpg 786w, https:\/\/sublimatio.com\/portail\/wp-content\/uploads\/NRDB-9444-360x400-300x334.jpg 300w, https:\/\/sublimatio.com\/portail\/wp-content\/uploads\/NRDB-9444-360x400-135x150.jpg 135w, https:\/\/sublimatio.com\/portail\/wp-content\/uploads\/NRDB-9444-360x400-269x300.jpg 269w, https:\/\/sublimatio.com\/portail\/wp-content\/uploads\/NRDB-9444-360x400-768x855.jpg 768w\" sizes=\"auto, (max-width: 786px) 100vw, 786px\" \/>Contact :<br \/>\nTel : + 33 (0)6 08 60 86 86<br \/>\nMail : info@sublimatio.com<\/p>\n<\/div>\n<\/div><\/div><\/div><div id=\"pgc-871-0-1\"  class=\"panel-grid-cell\" ><div id=\"panel-871-0-1-0\" class=\"so-panel widget widget_sow-editor panel-first-child panel-last-child\" data-index=\"1\" ><div\n\t\t\t\n\t\t\tclass=\"so-widget-sow-editor so-widget-sow-editor-base\"\n\t\t\t\n\t\t>\n<div class=\"siteorigin-widget-tinymce textwidget\">\n\t<p><strong>Activit\u00e9 :<\/strong>&nbsp;Artiste Photographe, mon activit\u00e9 se d\u00e9veloppe selon deux axes distincts mais compl\u00e9mentaires ; la cr\u00e9ation d\u2019\u0153uvres photographiques et la cr\u00e9ation d\u2019images destin\u00e9es \u00e0 la communication.<br \/>\n<strong>Eclectisme :<\/strong> Comme vous le d\u00e9couvrirez au fil des pages, je ne me refuse aucun domaine d\u2019intervention : de la reproduction d\u2019un Picasso au reportage \u00e9v\u00e9nementiel, en passant par des portraits, des prises de vues industrielles ou publicitaires. Ce sont autant de sources d\u2019enrichissement personnel qui alimentent ma vision artistique globale, autant d\u2019aventures humaines qu\u2019il me pla\u00eet de retranscrire.<br \/>\n<strong>Fine Art :<\/strong> C\u2019est la respiration, la recherche de l\u2019\u00e9motion pure au service du sens, la libert\u00e9 de cr\u00e9ation. Il arrive que la cr\u00e9ation soit sur mesure, mais elle se fait toujours en libert\u00e9 en ob\u00e9issant aux r\u00e8gles de l\u2019art.<br \/>\n<strong>What You THink Is What You Get :<\/strong>&nbsp; \u00abCe que vous imaginez est ce que vous obtenez\u00bb, illustre mon travail de commande : traduire vos concepts et vos id\u00e9es en images pertinentes et efficaces.<\/p>\n<\/div>\n<\/div><\/div><\/div><\/div><\/div>","protected":false},"excerpt":{"rendered":"<p>Contact : Tel : + 33 (0)6 08 60 86 86 Mail : info@sublimatio.com Activit\u00e9 :&nbsp;Artiste Photographe, mon activit\u00e9 se d\u00e9veloppe selon deux axes distincts mais compl\u00e9mentaires ; la cr\u00e9ation d\u2019\u0153uvres photographiques et la cr\u00e9ation d\u2019images destin\u00e9es \u00e0 la communication. Eclectisme : Comme vous le d\u00e9couvrirez au fil des pages, je ne me refuse aucun &hellip; <a href=\"https:\/\/sublimatio.com\/portail\/bio\/\" class=\"more-link\">Continuer la lecture de <span class=\"screen-reader-text\">Bio<\/span> <span class=\"meta-nav\">&rarr;<\/span><\/a><\/p>\n","protected":false},"author":14,"featured_media":0,"parent":0,"menu_order":0,"comment_status":"closed","ping_status":"closed","template":"","meta":{"footnotes":""},"class_list":["post-871","page","type-page","status-publish","hentry"],"_links":{"self":[{"href":"https:\/\/sublimatio.com\/portail\/wp-json\/wp\/v2\/pages\/871","targetHints":{"allow":["GET"]}}],"collection":[{"href":"https:\/\/sublimatio.com\/portail\/wp-json\/wp\/v2\/pages"}],"about":[{"href":"https:\/\/sublimatio.com\/portail\/wp-json\/wp\/v2\/types\/page"}],"author":[{"embeddable":true,"href":"https:\/\/sublimatio.com\/portail\/wp-json\/wp\/v2\/users\/14"}],"replies":[{"embeddable":true,"href":"https:\/\/sublimatio.com\/portail\/wp-json\/wp\/v2\/comments?post=871"}],"version-history":[{"count":3,"href":"https:\/\/sublimatio.com\/portail\/wp-json\/wp\/v2\/pages\/871\/revisions"}],"predecessor-version":[{"id":1580,"href":"https:\/\/sublimatio.com\/portail\/wp-json\/wp\/v2\/pages\/871\/revisions\/1580"}],"wp:attachment":[{"href":"https:\/\/sublimatio.com\/portail\/wp-json\/wp\/v2\/media?parent=871"}],"curies":[{"name":"wp","href":"https:\/\/api.w.org\/{rel}","templated":true}]}}