{"id":1012,"date":"2020-05-06T11:20:19","date_gmt":"2020-05-06T10:20:19","guid":{"rendered":"https:\/\/sublimatio.com\/portail\/?post_type=product&#038;p=1012"},"modified":"2020-05-06T11:21:06","modified_gmt":"2020-05-06T10:21:06","slug":"ticket-1-4h-creation-a-distance","status":"publish","type":"product","link":"https:\/\/sublimatio.com\/portail\/produit\/ticket-1-4h-creation-a-distance\/","title":{"rendered":"Ticket 1\/4h cr\u00e9ation \u00e0 distance"},"content":{"rendered":"<p>Vous avez un studio, des \u00e9clairages ou pas, un appareil reli\u00e9 \u00e0 une configuration informatique ?<br \/>\nMais il vous manque le photographe&#8230; ou les connaissances.<\/p>\n<p>Faites r\u00e9aliser vos prises de vues \u00e0 distance par un photographe confirm\u00e9 qui guidera votre op\u00e9rateur pour la mise place du studio, les diff\u00e9rents r\u00e9glages et surtout&#8230; les trucs et astuces qui font les grandes images. ;-))<br \/>\nPrises de vues r\u00e9alis\u00e9es en visio-conf\u00e9rence et contr\u00f4le des lumi\u00e8res et appareil via TeamViewer sur votre ordinateur.<\/p>\n<p>Important !<br \/>\n&#8211; Avant tout achat, afin de d\u00e9terminer votre besoin, nous vous remercions de bien vouloir prendre contact au +33 (0)6 08 60 86 86.<br \/>\n&#8211; Ces tickets s&#8217;adressent \u00e0 un public professionnel.<\/p>\n","protected":false},"excerpt":{"rendered":"<p>Vous avez un studio, des \u00e9clairages ou pas, un appareil reli\u00e9 \u00e0 une configuration informatique ? Mais il vous manque le photographe&#8230; ou les connaissances. Faites r\u00e9aliser vos prises de vues \u00e0 distance par un photographe confirm\u00e9 qui guidera votre op\u00e9rateur pour la mise place du studio, les diff\u00e9rents r\u00e9glages et surtout&#8230; les trucs et &hellip; <a href=\"https:\/\/sublimatio.com\/portail\/produit\/ticket-1-4h-creation-a-distance\/\" class=\"more-link\">Continuer la lecture de <span class=\"screen-reader-text\">Ticket 1\/4h cr\u00e9ation \u00e0 distance<\/span> <span class=\"meta-nav\">&rarr;<\/span><\/a><\/p>\n","protected":false},"featured_media":0,"comment_status":"closed","ping_status":"closed","template":"","meta":[],"product_brand":[],"product_cat":[88],"product_tag":[],"class_list":{"0":"post-1012","1":"product","2":"type-product","3":"status-publish","5":"product_cat-creation-a-distance","7":"first","8":"instock","9":"virtual","10":"taxable","11":"purchasable","12":"product-type-simple"},"_links":{"self":[{"href":"https:\/\/sublimatio.com\/portail\/wp-json\/wp\/v2\/product\/1012","targetHints":{"allow":["GET"]}}],"collection":[{"href":"https:\/\/sublimatio.com\/portail\/wp-json\/wp\/v2\/product"}],"about":[{"href":"https:\/\/sublimatio.com\/portail\/wp-json\/wp\/v2\/types\/product"}],"replies":[{"embeddable":true,"href":"https:\/\/sublimatio.com\/portail\/wp-json\/wp\/v2\/comments?post=1012"}],"wp:attachment":[{"href":"https:\/\/sublimatio.com\/portail\/wp-json\/wp\/v2\/media?parent=1012"}],"wp:term":[{"taxonomy":"product_brand","embeddable":true,"href":"https:\/\/sublimatio.com\/portail\/wp-json\/wp\/v2\/product_brand?post=1012"},{"taxonomy":"product_cat","embeddable":true,"href":"https:\/\/sublimatio.com\/portail\/wp-json\/wp\/v2\/product_cat?post=1012"},{"taxonomy":"product_tag","embeddable":true,"href":"https:\/\/sublimatio.com\/portail\/wp-json\/wp\/v2\/product_tag?post=1012"}],"curies":[{"name":"wp","href":"https:\/\/api.w.org\/{rel}","templated":true}]}}