{"id":344,"date":"2014-02-26T23:23:19","date_gmt":"2014-02-26T22:23:19","guid":{"rendered":"http:\/\/sublimatio.com\/portail\/?post_type=product&#038;p=344"},"modified":"2015-10-02T18:25:02","modified_gmt":"2015-10-02T17:25:02","slug":"livre-le-vegetal-sublime","status":"publish","type":"product","link":"https:\/\/sublimatio.com\/portail\/produit\/livre-le-vegetal-sublime\/","title":{"rendered":"Livre &#8220;Le V\u00e9g\u00e9tal Sublim\u00e9&#8221;"},"content":{"rendered":"<p><img loading=\"lazy\" decoding=\"async\" class=\"alignnone size-full wp-image-345\" src=\"http:\/\/sublimatio.com\/portail\/wp-content\/uploads\/Le_Vegetal_Sublime.jpg\" alt=\"Le_Vegetal_Sublime\" width=\"459\" height=\"567\" srcset=\"https:\/\/sublimatio.com\/portail\/wp-content\/uploads\/Le_Vegetal_Sublime.jpg 459w, https:\/\/sublimatio.com\/portail\/wp-content\/uploads\/Le_Vegetal_Sublime-300x371.jpg 300w, https:\/\/sublimatio.com\/portail\/wp-content\/uploads\/Le_Vegetal_Sublime-121x150.jpg 121w, https:\/\/sublimatio.com\/portail\/wp-content\/uploads\/Le_Vegetal_Sublime-242x300.jpg 242w\" sizes=\"auto, (max-width: 459px) 100vw, 459px\" \/><\/p>\n<p>\u2022 format 27X23\u00a0cm.<br \/>\n\u2022 112 pages couleur<br \/>\n\u2022 77 \u0153uvres repr\u00e9sent\u00e9es, l\u00e9gend\u00e9es.<br \/>\n\u2022\u00a0couverture rigide imprim\u00e9e.<br \/>\n\u2022\u00a0Edition par Nicolas Roux Dit Buisson,<br \/>\n\u2022\u00a0Indicatif \u00e9diteur : 978-2-9547884<br \/>\n\u2022\u00a0n\u00b0 ISBN : 978-2-9547884-0-1<br \/>\n\u2022\u00a0Livraison : disponible en stock<\/p>\n","protected":false},"excerpt":{"rendered":"<p style=\"text-align: left;\">Elever la nature au rang de l\u2018\u0153uvre d\u2019art, poser un regard et donner du sens, susciter le questionnement, provoquer l\u2019appropriation&#8230; Voil\u00e0 les lignes directrices du travail de l\u2019auteur.<\/p>\n<p>Ce livre est issu de l\u2019exposition Le v\u00e9g\u00e9tal Sublim\u00e9 fruit d\u2019une ann\u00e9e en r\u00e9sidence au Jardin Botanique de Lyon. Respectant en tout point son esprit, il rend l\u2019\u00e9motion du grand format. Un fond blanc, des images \u00e0 fond perdu ou avec de discrets coins photos, des l\u00e9gendes extraites de notre imaginaire ou \u00e9pur\u00e9es laissent le lecteur \u00e0 sa contemplation et \u00e0 sa m\u00e9ditation.<\/p>\n<p>Passionn\u00e9 de nature ou de\u00a0 botanique, de photographie ou d\u2019art contemporain vous ne pourrez rester insensible au choc \u00e9motionnel propre \u00e0 cette \u00e9criture.<\/p>\n","protected":false},"featured_media":345,"comment_status":"closed","ping_status":"closed","template":"","meta":[],"product_brand":[],"product_cat":[72],"product_tag":[53,52],"class_list":{"0":"post-344","1":"product","2":"type-product","3":"status-publish","4":"has-post-thumbnail","6":"product_cat-livres","7":"product_tag-le-vegetal-sublime-2","8":"product_tag-livre-2","10":"first","11":"instock","12":"taxable","13":"shipping-taxable","14":"purchasable","15":"product-type-simple"},"_links":{"self":[{"href":"https:\/\/sublimatio.com\/portail\/wp-json\/wp\/v2\/product\/344","targetHints":{"allow":["GET"]}}],"collection":[{"href":"https:\/\/sublimatio.com\/portail\/wp-json\/wp\/v2\/product"}],"about":[{"href":"https:\/\/sublimatio.com\/portail\/wp-json\/wp\/v2\/types\/product"}],"replies":[{"embeddable":true,"href":"https:\/\/sublimatio.com\/portail\/wp-json\/wp\/v2\/comments?post=344"}],"wp:featuredmedia":[{"embeddable":true,"href":"https:\/\/sublimatio.com\/portail\/wp-json\/wp\/v2\/media\/345"}],"wp:attachment":[{"href":"https:\/\/sublimatio.com\/portail\/wp-json\/wp\/v2\/media?parent=344"}],"wp:term":[{"taxonomy":"product_brand","embeddable":true,"href":"https:\/\/sublimatio.com\/portail\/wp-json\/wp\/v2\/product_brand?post=344"},{"taxonomy":"product_cat","embeddable":true,"href":"https:\/\/sublimatio.com\/portail\/wp-json\/wp\/v2\/product_cat?post=344"},{"taxonomy":"product_tag","embeddable":true,"href":"https:\/\/sublimatio.com\/portail\/wp-json\/wp\/v2\/product_tag?post=344"}],"curies":[{"name":"wp","href":"https:\/\/api.w.org\/{rel}","templated":true}]}}