{"id":563,"date":"2015-06-10T18:13:02","date_gmt":"2015-06-10T17:13:02","guid":{"rendered":"http:\/\/sublimatio.com\/portail\/?post_type=product&#038;p=563"},"modified":"2015-12-09T16:39:22","modified_gmt":"2015-12-09T15:39:22","slug":"lot-la-rose-et-le-vent-le-vegetal-sublime","status":"publish","type":"product","link":"https:\/\/sublimatio.com\/portail\/produit\/lot-la-rose-et-le-vent-le-vegetal-sublime\/","title":{"rendered":"Lot &#8220;La Rose et Le Vent&#8221; + &#8220;Le V\u00e9g\u00e9tal Sublim\u00e9&#8221;"},"content":{"rendered":"<p><a href=\"https:\/\/sublimatio.com\/portail\/wp-content\/uploads\/LivreRoseVent.jpg\" data-src=\"https:\/\/sublimatio.com\/portail\/wp-content\/uploads\/LivreRoseVent.jpg\" data-thumb=\"http:\/\/sublimatio.com\/portail\/wp-content\/uploads\/Couv-2-Livres-LVS-LRLV.jpg\" class=\"ml-lightbox-enabled\"><img loading=\"lazy\" decoding=\"async\" class=\"wp-image-697 alignnone\" src=\"http:\/\/sublimatio.com\/portail\/wp-content\/uploads\/Couv-2-Livres-LVS-LRLV.jpg\" alt=\"Lot LVS+LRLV\" width=\"220\" height=\"165\" \/> <\/a><\/p>\n","protected":false},"excerpt":{"rendered":"<p><span style=\"color: #ff0000;\"><strong><em>\u00a0\u00e9conomisez 6\u20ac !<\/em><\/strong><\/span><\/p>\n<p>Ce lot contient les deux livres &#8220;La Rose et le Vent&#8221; et &#8220;Le V\u00e9g\u00e9tal Sublim\u00e9&#8221;, \u00e9dit\u00e9s par Nicolas Roux Dit Buisson.<\/p>\n","protected":false},"featured_media":697,"comment_status":"closed","ping_status":"closed","template":"","meta":[],"product_brand":[],"product_cat":[72],"product_tag":[55,53,59,27],"class_list":{"0":"post-563","1":"product","2":"type-product","3":"status-publish","4":"has-post-thumbnail","6":"product_cat-livres","7":"product_tag-la-rose-et-le-vent","8":"product_tag-le-vegetal-sublime-2","9":"product_tag-livres","10":"product_tag-lot","12":"first","13":"instock","14":"sale","15":"taxable","16":"shipping-taxable","17":"purchasable","18":"product-type-simple"},"_links":{"self":[{"href":"https:\/\/sublimatio.com\/portail\/wp-json\/wp\/v2\/product\/563","targetHints":{"allow":["GET"]}}],"collection":[{"href":"https:\/\/sublimatio.com\/portail\/wp-json\/wp\/v2\/product"}],"about":[{"href":"https:\/\/sublimatio.com\/portail\/wp-json\/wp\/v2\/types\/product"}],"replies":[{"embeddable":true,"href":"https:\/\/sublimatio.com\/portail\/wp-json\/wp\/v2\/comments?post=563"}],"wp:featuredmedia":[{"embeddable":true,"href":"https:\/\/sublimatio.com\/portail\/wp-json\/wp\/v2\/media\/697"}],"wp:attachment":[{"href":"https:\/\/sublimatio.com\/portail\/wp-json\/wp\/v2\/media?parent=563"}],"wp:term":[{"taxonomy":"product_brand","embeddable":true,"href":"https:\/\/sublimatio.com\/portail\/wp-json\/wp\/v2\/product_brand?post=563"},{"taxonomy":"product_cat","embeddable":true,"href":"https:\/\/sublimatio.com\/portail\/wp-json\/wp\/v2\/product_cat?post=563"},{"taxonomy":"product_tag","embeddable":true,"href":"https:\/\/sublimatio.com\/portail\/wp-json\/wp\/v2\/product_tag?post=563"}],"curies":[{"name":"wp","href":"https:\/\/api.w.org\/{rel}","templated":true}]}}